{"id":769,"date":"2026-04-16T15:53:39","date_gmt":"2026-04-16T15:53:39","guid":{"rendered":"https:\/\/marado.hu\/termek\/o2q-kiralykek-csipkes-noi-ruha-4xl\/"},"modified":"2026-04-17T11:31:05","modified_gmt":"2026-04-17T11:31:05","slug":"o2q-kiralykek-csipkes-noi-ruha-4xl","status":"publish","type":"product","link":"https:\/\/marado.hu\/en\/product\/o2q-kiralykek-csipkes-noi-ruha-4xl\/","title":{"rendered":"O2Q kir\u00e1lyk\u00e9k csipk\u00e9s n\u0151i ruha 4XL"},"content":{"rendered":"<h3>Term\u00e9kle\u00edr\u00e1s<\/h3>\n<p>\u00daj, c\u00edmk\u00e9s O2Q n\u0151i ruha k\u00fcl\u00f6nleges kir\u00e1lyk\u00e9k \u00e1rnyalatban. A teljes fel\u00fcletet bor\u00edt\u00f3 csipk\u00e9s hat\u00e1s eleg\u00e1ns, n\u0151ies megjelen\u00e9st ad, \u00edgy kiv\u00e1l\u00f3 v\u00e1laszt\u00e1s alkalmakra, esem\u00e9nyekre vagy csinosabb megjelen\u00e9shez.<\/p>\n<h3>F\u0151bb jellemz\u0151k<\/h3>\n<ul>\n<li>M\u00e1rka: O2Q<\/li>\n<li>Sz\u00edn: kir\u00e1lyk\u00e9k<\/li>\n<li>M\u00e9ret: 4XL<\/li>\n<li>\u00c1llapot: \u00faj, c\u00edmk\u00e9s<\/li>\n<li>Fazon: eleg\u00e1ns, csipk\u00e9s n\u0151i ruha<\/li>\n<\/ul>\n<p>Egyszeri darab, k\u00e9szlet: 1 db.<\/p>","protected":false},"excerpt":{"rendered":"<p>\u00daj, c\u00edmk\u00e9s O2Q n\u0151i ruha 4XL-es m\u00e9retben, eleg\u00e1ns kir\u00e1lyk\u00e9k sz\u00ednben. L\u00e1tv\u00e1nyos csipk\u00e9s megjelen\u00e9s\u0171, alkalmi hat\u00e1s\u00fa darab.<\/p>","protected":false},"featured_media":891,"comment_status":"open","ping_status":"closed","template":"","meta":[],"product_brand":[],"product_cat":[101,79],"product_tag":[303,135,302,166,144,301,304],"class_list":{"0":"post-769","1":"product","2":"type-product","3":"status-publish","4":"has-post-thumbnail","6":"product_cat-alkalmi-ruhak","7":"product_cat-noi-ruhak","8":"product_tag-4xl","9":"product_tag-alkalmi-ruha","10":"product_tag-csipkes-ruha","11":"product_tag-kiralykek-ruha","12":"product_tag-noi-ruha","13":"product_tag-o2q","14":"product_tag-uj-cimkes","16":"first","17":"instock","18":"sold-individually","19":"shipping-taxable","20":"purchasable","21":"product-type-simple"},"yoast_head":"<!-- This site is optimized with the Yoast SEO plugin v27.5 - https:\/\/yoast.com\/product\/yoast-seo-wordpress\/ -->\n<title>O2Q kir\u00e1lyk\u00e9k csipk\u00e9s n\u0151i ruha 4XL | \u00daj, c\u00edmk\u00e9s darab<\/title>\n<meta name=\"description\" content=\"\u00daj, c\u00edmk\u00e9s O2Q n\u0151i ruha 4XL-es m\u00e9retben, eleg\u00e1ns kir\u00e1lyk\u00e9k sz\u00ednben. Csipk\u00e9s, alkalmi hat\u00e1s\u00fa darab.\" \/>\n<meta name=\"robots\" content=\"index, follow, max-snippet:-1, max-image-preview:large, max-video-preview:-1\" \/>\n<link rel=\"canonical\" href=\"https:\/\/marado.hu\/en\/product\/o2q-kiralykek-csipkes-noi-ruha-4xl\/\" \/>\n<meta property=\"og:locale\" content=\"en_GB\" \/>\n<meta property=\"og:type\" content=\"article\" \/>\n<meta property=\"og:title\" content=\"O2Q kir\u00e1lyk\u00e9k csipk\u00e9s n\u0151i ruha 4XL | \u00daj, c\u00edmk\u00e9s darab\" \/>\n<meta property=\"og:description\" content=\"\u00daj, c\u00edmk\u00e9s O2Q n\u0151i ruha 4XL-es m\u00e9retben, eleg\u00e1ns kir\u00e1lyk\u00e9k sz\u00ednben. Csipk\u00e9s, alkalmi hat\u00e1s\u00fa darab.\" \/>\n<meta property=\"og:url\" content=\"https:\/\/marado.hu\/en\/product\/o2q-kiralykek-csipkes-noi-ruha-4xl\/\" \/>\n<meta property=\"og:site_name\" content=\"marad\u00f3.\" \/>\n<meta property=\"article:publisher\" content=\"https:\/\/www.facebook.com\/profile.php?id=61583774536538\" \/>\n<meta property=\"article:modified_time\" content=\"2026-04-17T11:31:05+00:00\" \/>\n<meta property=\"og:image\" content=\"https:\/\/marado.hu\/wp-content\/uploads\/2026\/04\/img_0913-hatter-eltavolitva-scaled.jpeg\" \/>\n\t<meta property=\"og:image:width\" content=\"1954\" \/>\n\t<meta property=\"og:image:height\" content=\"2560\" \/>\n\t<meta property=\"og:image:type\" content=\"image\/jpeg\" \/>\n<meta name=\"twitter:card\" content=\"summary_large_image\" \/>\n<script type=\"application\/ld+json\" class=\"yoast-schema-graph\">{\"@context\":\"https:\\\/\\\/schema.org\",\"@graph\":[{\"@type\":\"WebPage\",\"@id\":\"https:\\\/\\\/marado.hu\\\/termek\\\/o2q-kiralykek-csipkes-noi-ruha-4xl\\\/\",\"url\":\"https:\\\/\\\/marado.hu\\\/termek\\\/o2q-kiralykek-csipkes-noi-ruha-4xl\\\/\",\"name\":\"O2Q kir\u00e1lyk\u00e9k csipk\u00e9s n\u0151i ruha 4XL | \u00daj, c\u00edmk\u00e9s darab\",\"isPartOf\":{\"@id\":\"https:\\\/\\\/marado.hu\\\/#website\"},\"primaryImageOfPage\":{\"@id\":\"https:\\\/\\\/marado.hu\\\/termek\\\/o2q-kiralykek-csipkes-noi-ruha-4xl\\\/#primaryimage\"},\"image\":{\"@id\":\"https:\\\/\\\/marado.hu\\\/termek\\\/o2q-kiralykek-csipkes-noi-ruha-4xl\\\/#primaryimage\"},\"thumbnailUrl\":\"https:\\\/\\\/marado.hu\\\/wp-content\\\/uploads\\\/2026\\\/04\\\/img_0913-hatter-eltavolitva-scaled.jpeg\",\"datePublished\":\"2026-04-16T15:53:39+00:00\",\"dateModified\":\"2026-04-17T11:31:05+00:00\",\"description\":\"\u00daj, c\u00edmk\u00e9s O2Q n\u0151i ruha 4XL-es m\u00e9retben, eleg\u00e1ns kir\u00e1lyk\u00e9k sz\u00ednben. Csipk\u00e9s, alkalmi hat\u00e1s\u00fa darab.\",\"breadcrumb\":{\"@id\":\"https:\\\/\\\/marado.hu\\\/termek\\\/o2q-kiralykek-csipkes-noi-ruha-4xl\\\/#breadcrumb\"},\"inLanguage\":\"en-GB\",\"potentialAction\":[{\"@type\":\"ReadAction\",\"target\":[\"https:\\\/\\\/marado.hu\\\/termek\\\/o2q-kiralykek-csipkes-noi-ruha-4xl\\\/\"]}]},{\"@type\":\"ImageObject\",\"inLanguage\":\"en-GB\",\"@id\":\"https:\\\/\\\/marado.hu\\\/termek\\\/o2q-kiralykek-csipkes-noi-ruha-4xl\\\/#primaryimage\",\"url\":\"https:\\\/\\\/marado.hu\\\/wp-content\\\/uploads\\\/2026\\\/04\\\/img_0913-hatter-eltavolitva-scaled.jpeg\",\"contentUrl\":\"https:\\\/\\\/marado.hu\\\/wp-content\\\/uploads\\\/2026\\\/04\\\/img_0913-hatter-eltavolitva-scaled.jpeg\",\"width\":1954,\"height\":2560},{\"@type\":\"BreadcrumbList\",\"@id\":\"https:\\\/\\\/marado.hu\\\/termek\\\/o2q-kiralykek-csipkes-noi-ruha-4xl\\\/#breadcrumb\",\"itemListElement\":[{\"@type\":\"ListItem\",\"position\":1,\"name\":\"Kezd\u0151lap\",\"item\":\"https:\\\/\\\/marado.hu\\\/\"},{\"@type\":\"ListItem\",\"position\":2,\"name\":\"Term\u00e9kek\",\"item\":\"https:\\\/\\\/marado.hu\\\/uzlet\\\/\"},{\"@type\":\"ListItem\",\"position\":3,\"name\":\"O2Q kir\u00e1lyk\u00e9k csipk\u00e9s n\u0151i ruha 4XL\"}]},{\"@type\":\"WebSite\",\"@id\":\"https:\\\/\\\/marado.hu\\\/#website\",\"url\":\"https:\\\/\\\/marado.hu\\\/\",\"name\":\"marad\u00f3.\",\"description\":\"marad\u00f3. | mert van, ami \u00f6r\u00f6k\",\"publisher\":{\"@id\":\"https:\\\/\\\/marado.hu\\\/#organization\"},\"potentialAction\":[{\"@type\":\"SearchAction\",\"target\":{\"@type\":\"EntryPoint\",\"urlTemplate\":\"https:\\\/\\\/marado.hu\\\/?s={search_term_string}\"},\"query-input\":{\"@type\":\"PropertyValueSpecification\",\"valueRequired\":true,\"valueName\":\"search_term_string\"}}],\"inLanguage\":\"en-GB\"},{\"@type\":\"Organization\",\"@id\":\"https:\\\/\\\/marado.hu\\\/#organization\",\"name\":\"marad\u00f3.\",\"url\":\"https:\\\/\\\/marado.hu\\\/\",\"logo\":{\"@type\":\"ImageObject\",\"inLanguage\":\"en-GB\",\"@id\":\"https:\\\/\\\/marado.hu\\\/#\\\/schema\\\/logo\\\/image\\\/\",\"url\":\"https:\\\/\\\/marado.hu\\\/wp-content\\\/uploads\\\/2026\\\/02\\\/2.png\",\"contentUrl\":\"https:\\\/\\\/marado.hu\\\/wp-content\\\/uploads\\\/2026\\\/02\\\/2.png\",\"width\":2000,\"height\":2000,\"caption\":\"marad\u00f3.\"},\"image\":{\"@id\":\"https:\\\/\\\/marado.hu\\\/#\\\/schema\\\/logo\\\/image\\\/\"},\"sameAs\":[\"https:\\\/\\\/www.facebook.com\\\/profile.php?id=61583774536538\",\"https:\\\/\\\/pinterest.com\\\/maradostyle\",\"https:\\\/\\\/instagram.com\\\/maradostyle\"]}]}<\/script>\n<!-- \/ Yoast SEO plugin. -->","yoast_head_json":{"title":"O2Q kir\u00e1lyk\u00e9k csipk\u00e9s n\u0151i ruha 4XL | \u00daj, c\u00edmk\u00e9s darab","description":"\u00daj, c\u00edmk\u00e9s O2Q n\u0151i ruha 4XL-es m\u00e9retben, eleg\u00e1ns kir\u00e1lyk\u00e9k sz\u00ednben. Csipk\u00e9s, alkalmi hat\u00e1s\u00fa darab.","robots":{"index":"index","follow":"follow","max-snippet":"max-snippet:-1","max-image-preview":"max-image-preview:large","max-video-preview":"max-video-preview:-1"},"canonical":"https:\/\/marado.hu\/en\/product\/o2q-kiralykek-csipkes-noi-ruha-4xl\/","og_locale":"en_GB","og_type":"article","og_title":"O2Q kir\u00e1lyk\u00e9k csipk\u00e9s n\u0151i ruha 4XL | \u00daj, c\u00edmk\u00e9s darab","og_description":"\u00daj, c\u00edmk\u00e9s O2Q n\u0151i ruha 4XL-es m\u00e9retben, eleg\u00e1ns kir\u00e1lyk\u00e9k sz\u00ednben. Csipk\u00e9s, alkalmi hat\u00e1s\u00fa darab.","og_url":"https:\/\/marado.hu\/en\/product\/o2q-kiralykek-csipkes-noi-ruha-4xl\/","og_site_name":"marad\u00f3.","article_publisher":"https:\/\/www.facebook.com\/profile.php?id=61583774536538","article_modified_time":"2026-04-17T11:31:05+00:00","og_image":[{"width":1954,"height":2560,"url":"https:\/\/marado.hu\/wp-content\/uploads\/2026\/04\/img_0913-hatter-eltavolitva-scaled.jpeg","type":"image\/jpeg"}],"twitter_card":"summary_large_image","schema":{"@context":"https:\/\/schema.org","@graph":[{"@type":"WebPage","@id":"https:\/\/marado.hu\/termek\/o2q-kiralykek-csipkes-noi-ruha-4xl\/","url":"https:\/\/marado.hu\/termek\/o2q-kiralykek-csipkes-noi-ruha-4xl\/","name":"O2Q kir\u00e1lyk\u00e9k csipk\u00e9s n\u0151i ruha 4XL | \u00daj, c\u00edmk\u00e9s darab","isPartOf":{"@id":"https:\/\/marado.hu\/#website"},"primaryImageOfPage":{"@id":"https:\/\/marado.hu\/termek\/o2q-kiralykek-csipkes-noi-ruha-4xl\/#primaryimage"},"image":{"@id":"https:\/\/marado.hu\/termek\/o2q-kiralykek-csipkes-noi-ruha-4xl\/#primaryimage"},"thumbnailUrl":"https:\/\/marado.hu\/wp-content\/uploads\/2026\/04\/img_0913-hatter-eltavolitva-scaled.jpeg","datePublished":"2026-04-16T15:53:39+00:00","dateModified":"2026-04-17T11:31:05+00:00","description":"\u00daj, c\u00edmk\u00e9s O2Q n\u0151i ruha 4XL-es m\u00e9retben, eleg\u00e1ns kir\u00e1lyk\u00e9k sz\u00ednben. Csipk\u00e9s, alkalmi hat\u00e1s\u00fa darab.","breadcrumb":{"@id":"https:\/\/marado.hu\/termek\/o2q-kiralykek-csipkes-noi-ruha-4xl\/#breadcrumb"},"inLanguage":"en-GB","potentialAction":[{"@type":"ReadAction","target":["https:\/\/marado.hu\/termek\/o2q-kiralykek-csipkes-noi-ruha-4xl\/"]}]},{"@type":"ImageObject","inLanguage":"en-GB","@id":"https:\/\/marado.hu\/termek\/o2q-kiralykek-csipkes-noi-ruha-4xl\/#primaryimage","url":"https:\/\/marado.hu\/wp-content\/uploads\/2026\/04\/img_0913-hatter-eltavolitva-scaled.jpeg","contentUrl":"https:\/\/marado.hu\/wp-content\/uploads\/2026\/04\/img_0913-hatter-eltavolitva-scaled.jpeg","width":1954,"height":2560},{"@type":"BreadcrumbList","@id":"https:\/\/marado.hu\/termek\/o2q-kiralykek-csipkes-noi-ruha-4xl\/#breadcrumb","itemListElement":[{"@type":"ListItem","position":1,"name":"Kezd\u0151lap","item":"https:\/\/marado.hu\/"},{"@type":"ListItem","position":2,"name":"Term\u00e9kek","item":"https:\/\/marado.hu\/uzlet\/"},{"@type":"ListItem","position":3,"name":"O2Q kir\u00e1lyk\u00e9k csipk\u00e9s n\u0151i ruha 4XL"}]},{"@type":"WebSite","@id":"https:\/\/marado.hu\/#website","url":"https:\/\/marado.hu\/","name":"marad\u00f3.","description":"marad\u00f3. | some things are eternal","publisher":{"@id":"https:\/\/marado.hu\/#organization"},"potentialAction":[{"@type":"SearchAction","target":{"@type":"EntryPoint","urlTemplate":"https:\/\/marado.hu\/?s={search_term_string}"},"query-input":{"@type":"PropertyValueSpecification","valueRequired":true,"valueName":"search_term_string"}}],"inLanguage":"en-GB"},{"@type":"Organization","@id":"https:\/\/marado.hu\/#organization","name":"marad\u00f3.","url":"https:\/\/marado.hu\/","logo":{"@type":"ImageObject","inLanguage":"en-GB","@id":"https:\/\/marado.hu\/#\/schema\/logo\/image\/","url":"https:\/\/marado.hu\/wp-content\/uploads\/2026\/02\/2.png","contentUrl":"https:\/\/marado.hu\/wp-content\/uploads\/2026\/02\/2.png","width":2000,"height":2000,"caption":"marad\u00f3."},"image":{"@id":"https:\/\/marado.hu\/#\/schema\/logo\/image\/"},"sameAs":["https:\/\/www.facebook.com\/profile.php?id=61583774536538","https:\/\/pinterest.com\/maradostyle","https:\/\/instagram.com\/maradostyle"]}]}},"jetpack_sharing_enabled":true,"_links":{"self":[{"href":"https:\/\/marado.hu\/en\/wp-json\/wp\/v2\/product\/769","targetHints":{"allow":["GET"]}}],"collection":[{"href":"https:\/\/marado.hu\/en\/wp-json\/wp\/v2\/product"}],"about":[{"href":"https:\/\/marado.hu\/en\/wp-json\/wp\/v2\/types\/product"}],"replies":[{"embeddable":true,"href":"https:\/\/marado.hu\/en\/wp-json\/wp\/v2\/comments?post=769"}],"version-history":[{"count":3,"href":"https:\/\/marado.hu\/en\/wp-json\/wp\/v2\/product\/769\/revisions"}],"predecessor-version":[{"id":961,"href":"https:\/\/marado.hu\/en\/wp-json\/wp\/v2\/product\/769\/revisions\/961"}],"wp:featuredmedia":[{"embeddable":true,"href":"https:\/\/marado.hu\/en\/wp-json\/wp\/v2\/media\/891"}],"wp:attachment":[{"href":"https:\/\/marado.hu\/en\/wp-json\/wp\/v2\/media?parent=769"}],"wp:term":[{"taxonomy":"product_brand","embeddable":true,"href":"https:\/\/marado.hu\/en\/wp-json\/wp\/v2\/product_brand?post=769"},{"taxonomy":"product_cat","embeddable":true,"href":"https:\/\/marado.hu\/en\/wp-json\/wp\/v2\/product_cat?post=769"},{"taxonomy":"product_tag","embeddable":true,"href":"https:\/\/marado.hu\/en\/wp-json\/wp\/v2\/product_tag?post=769"}],"curies":[{"name":"wp","href":"https:\/\/api.w.org\/{rel}","templated":true}]}}