{"id":621,"date":"2026-04-15T16:32:42","date_gmt":"2026-04-15T16:32:42","guid":{"rendered":"https:\/\/marado.hu\/?post_type=product&#038;p=621"},"modified":"2026-04-29T13:15:13","modified_gmt":"2026-04-29T13:15:13","slug":"gyongyos-hajtu-szett-ovalis-akril-gyongyokkel","status":"publish","type":"product","link":"https:\/\/marado.hu\/en\/product\/gyongyos-hajtu-szett-ovalis-akril-gyongyokkel\/","title":{"rendered":"Gy\u00f6ngy\u00f6s hajt\u0171 szett \u2013 ov\u00e1lis akril gy\u00f6ngy\u00f6kkel"},"content":{"rendered":"<p>Eleg\u00e1ns, finom megjelen\u00e9s\u0171, saj\u00e1t m\u00e1rk\u00e1s hajt\u0171 szett, amely letisztult \u00e9s n\u0151ies kieg\u00e9sz\u00edt\u0151je lehet menyasszonyi, alkalmi vagy h\u00e9tk\u00f6znapi frizur\u00e1knak.<\/p>\n<ul>\n<li>v\u00e1laszthat\u00f3 sz\u00edn: arany vagy ez\u00fcst<\/li>\n<li>v\u00e1laszthat\u00f3 kiszerel\u00e9s: 1 db vagy 2 db<\/li>\n<li>15 db ov\u00e1lis alak\u00fa akril gy\u00f6ngy<\/li>\n<li>hajt\u0171 hossza: 6,5 cm<\/li>\n<li>saj\u00e1t m\u00e1rk\u00e1s, sz\u00e9p \u00e9s min\u0151s\u00e9gi kivitel<\/li>\n<li>k\u00f6nnyen r\u00f6gz\u00edthet\u0151, alkalmi \u00e9s esk\u00fcv\u0151i frizur\u00e1khoz is ide\u00e1lis<\/li>\n<\/ul>\n<p>A term\u00e9k megjelen\u00e9se a v\u00e1lasztott sz\u00ednt\u0151l f\u00fcgg\u0151en arany vagy ez\u00fcst f\u00e9mr\u00e9sszel \u00e9rhet\u0151 el. A 2 db-os kiszerel\u00e9s k\u00fcl\u00f6n\u00f6sen sz\u00e9p szimmetrikus vagy d\u00fasabb frizur\u00e1khoz.<\/p>\n<p>A modelles k\u00e9p illusztr\u00e1ci\u00f3, amely a hajd\u00edsz visel\u00e9s\u00e9nek hangulat\u00e1t \u00e9s lehets\u00e9ges megjelen\u00e9s\u00e9t szeml\u00e9lteti.<\/p>","protected":false},"excerpt":{"rendered":"<p>Saj\u00e1t m\u00e1rk\u00e1s, eleg\u00e1ns hajt\u0171 szett arany vagy ez\u00fcst sz\u00ednben, 15 db ov\u00e1lis alak\u00fa akril gy\u00f6nggyel. A hajt\u0171 hossza: 6,5 cm. V\u00e1laszthat\u00f3 kiszerel\u00e9s: 1 db vagy 2 db.<\/p>","protected":false},"featured_media":635,"comment_status":"open","ping_status":"closed","template":"","meta":[],"product_brand":[70],"product_cat":[351,236,247,22],"product_tag":[241,227,244,248,250,240,249,251],"class_list":{"0":"post-621","1":"product","2":"type-product","3":"status-publish","4":"has-post-thumbnail","6":"product_brand-marado","7":"product_cat-hajdiszek","8":"product_cat-hajekszerek","9":"product_cat-hajtuk","10":"product_cat-ekszerek","11":"product_tag-alkalmi-hajdisz","12":"product_tag-arany-szinu","13":"product_tag-ezust-szinu","14":"product_tag-gyongyos-hajtu","15":"product_tag-hajekszer","16":"product_tag-menyasszonyi-hajdisz","17":"product_tag-ovalis-akril-gyongy","18":"product_tag-sajat-markas","19":"pa_szin-arany","20":"pa_szin-ezust","22":"first","23":"instock","24":"shipping-taxable","25":"purchasable","26":"product-type-variable","27":"has-default-attributes"},"yoast_head":"<!-- This site is optimized with the Yoast SEO plugin v27.5 - https:\/\/yoast.com\/product\/yoast-seo-wordpress\/ -->\n<title>Gy\u00f6ngy\u00f6s hajt\u0171 szett \u2013 ov\u00e1lis akril gy\u00f6ngy\u00f6kkel | marad\u00f3.<\/title>\n<meta name=\"robots\" content=\"index, follow, max-snippet:-1, max-image-preview:large, max-video-preview:-1\" \/>\n<link rel=\"canonical\" href=\"https:\/\/marado.hu\/en\/product\/gyongyos-hajtu-szett-ovalis-akril-gyongyokkel\/\" \/>\n<meta property=\"og:locale\" content=\"en_GB\" \/>\n<meta property=\"og:type\" content=\"article\" \/>\n<meta property=\"og:title\" content=\"Gy\u00f6ngy\u00f6s hajt\u0171 szett \u2013 ov\u00e1lis akril gy\u00f6ngy\u00f6kkel | marad\u00f3.\" \/>\n<meta property=\"og:description\" content=\"Saj\u00e1t m\u00e1rk\u00e1s, eleg\u00e1ns hajt\u0171 szett arany vagy ez\u00fcst sz\u00ednben, 15 db ov\u00e1lis alak\u00fa akril gy\u00f6nggyel. A hajt\u0171 hossza: 6,5 cm. V\u00e1laszthat\u00f3 kiszerel\u00e9s: 1 db vagy 2 db.\" \/>\n<meta property=\"og:url\" content=\"https:\/\/marado.hu\/en\/product\/gyongyos-hajtu-szett-ovalis-akril-gyongyokkel\/\" \/>\n<meta property=\"og:site_name\" content=\"marad\u00f3.\" \/>\n<meta property=\"article:publisher\" content=\"https:\/\/www.facebook.com\/profile.php?id=61583774536538\" \/>\n<meta property=\"article:modified_time\" content=\"2026-04-29T13:15:13+00:00\" \/>\n<meta property=\"og:image\" content=\"https:\/\/marado.hu\/wp-content\/uploads\/2026\/04\/ca04178f-b558-409a-9044-7a76a11868e1-1.png\" \/>\n\t<meta property=\"og:image:width\" content=\"1024\" \/>\n\t<meta property=\"og:image:height\" content=\"1536\" \/>\n\t<meta property=\"og:image:type\" content=\"image\/png\" \/>\n<meta name=\"twitter:card\" content=\"summary_large_image\" \/>\n<meta name=\"twitter:label1\" content=\"Estimated reading time\" \/>\n\t<meta name=\"twitter:data1\" content=\"1 minute\" \/>\n<script type=\"application\/ld+json\" class=\"yoast-schema-graph\">{\"@context\":\"https:\\\/\\\/schema.org\",\"@graph\":[{\"@type\":\"WebPage\",\"@id\":\"https:\\\/\\\/marado.hu\\\/termek\\\/gyongyos-hajtu-szett-ovalis-akril-gyongyokkel\\\/\",\"url\":\"https:\\\/\\\/marado.hu\\\/termek\\\/gyongyos-hajtu-szett-ovalis-akril-gyongyokkel\\\/\",\"name\":\"Gy\u00f6ngy\u00f6s hajt\u0171 szett \u2013 ov\u00e1lis akril gy\u00f6ngy\u00f6kkel | marad\u00f3.\",\"isPartOf\":{\"@id\":\"https:\\\/\\\/marado.hu\\\/#website\"},\"primaryImageOfPage\":{\"@id\":\"https:\\\/\\\/marado.hu\\\/termek\\\/gyongyos-hajtu-szett-ovalis-akril-gyongyokkel\\\/#primaryimage\"},\"image\":{\"@id\":\"https:\\\/\\\/marado.hu\\\/termek\\\/gyongyos-hajtu-szett-ovalis-akril-gyongyokkel\\\/#primaryimage\"},\"thumbnailUrl\":\"https:\\\/\\\/marado.hu\\\/wp-content\\\/uploads\\\/2026\\\/04\\\/ca04178f-b558-409a-9044-7a76a11868e1-1.png\",\"datePublished\":\"2026-04-15T16:32:42+00:00\",\"dateModified\":\"2026-04-29T13:15:13+00:00\",\"breadcrumb\":{\"@id\":\"https:\\\/\\\/marado.hu\\\/termek\\\/gyongyos-hajtu-szett-ovalis-akril-gyongyokkel\\\/#breadcrumb\"},\"inLanguage\":\"en-GB\",\"potentialAction\":[{\"@type\":\"ReadAction\",\"target\":[\"https:\\\/\\\/marado.hu\\\/termek\\\/gyongyos-hajtu-szett-ovalis-akril-gyongyokkel\\\/\"]}]},{\"@type\":\"ImageObject\",\"inLanguage\":\"en-GB\",\"@id\":\"https:\\\/\\\/marado.hu\\\/termek\\\/gyongyos-hajtu-szett-ovalis-akril-gyongyokkel\\\/#primaryimage\",\"url\":\"https:\\\/\\\/marado.hu\\\/wp-content\\\/uploads\\\/2026\\\/04\\\/ca04178f-b558-409a-9044-7a76a11868e1-1.png\",\"contentUrl\":\"https:\\\/\\\/marado.hu\\\/wp-content\\\/uploads\\\/2026\\\/04\\\/ca04178f-b558-409a-9044-7a76a11868e1-1.png\",\"width\":1024,\"height\":1536},{\"@type\":\"BreadcrumbList\",\"@id\":\"https:\\\/\\\/marado.hu\\\/termek\\\/gyongyos-hajtu-szett-ovalis-akril-gyongyokkel\\\/#breadcrumb\",\"itemListElement\":[{\"@type\":\"ListItem\",\"position\":1,\"name\":\"Kezd\u0151lap\",\"item\":\"https:\\\/\\\/marado.hu\\\/\"},{\"@type\":\"ListItem\",\"position\":2,\"name\":\"Term\u00e9kek\",\"item\":\"https:\\\/\\\/marado.hu\\\/uzlet\\\/\"},{\"@type\":\"ListItem\",\"position\":3,\"name\":\"Gy\u00f6ngy\u00f6s hajt\u0171 szett \u2013 ov\u00e1lis akril gy\u00f6ngy\u00f6kkel\"}]},{\"@type\":\"WebSite\",\"@id\":\"https:\\\/\\\/marado.hu\\\/#website\",\"url\":\"https:\\\/\\\/marado.hu\\\/\",\"name\":\"marad\u00f3.\",\"description\":\"marad\u00f3. | mert van, ami \u00f6r\u00f6k\",\"publisher\":{\"@id\":\"https:\\\/\\\/marado.hu\\\/#organization\"},\"potentialAction\":[{\"@type\":\"SearchAction\",\"target\":{\"@type\":\"EntryPoint\",\"urlTemplate\":\"https:\\\/\\\/marado.hu\\\/?s={search_term_string}\"},\"query-input\":{\"@type\":\"PropertyValueSpecification\",\"valueRequired\":true,\"valueName\":\"search_term_string\"}}],\"inLanguage\":\"en-GB\"},{\"@type\":\"Organization\",\"@id\":\"https:\\\/\\\/marado.hu\\\/#organization\",\"name\":\"marad\u00f3.\",\"url\":\"https:\\\/\\\/marado.hu\\\/\",\"logo\":{\"@type\":\"ImageObject\",\"inLanguage\":\"en-GB\",\"@id\":\"https:\\\/\\\/marado.hu\\\/#\\\/schema\\\/logo\\\/image\\\/\",\"url\":\"https:\\\/\\\/marado.hu\\\/wp-content\\\/uploads\\\/2026\\\/02\\\/2.png\",\"contentUrl\":\"https:\\\/\\\/marado.hu\\\/wp-content\\\/uploads\\\/2026\\\/02\\\/2.png\",\"width\":2000,\"height\":2000,\"caption\":\"marad\u00f3.\"},\"image\":{\"@id\":\"https:\\\/\\\/marado.hu\\\/#\\\/schema\\\/logo\\\/image\\\/\"},\"sameAs\":[\"https:\\\/\\\/www.facebook.com\\\/profile.php?id=61583774536538\",\"https:\\\/\\\/pinterest.com\\\/maradostyle\",\"https:\\\/\\\/instagram.com\\\/maradostyle\"]}]}<\/script>\n<!-- \/ Yoast SEO plugin. -->","yoast_head_json":{"title":"Gy\u00f6ngy\u00f6s hajt\u0171 szett \u2013 ov\u00e1lis akril gy\u00f6ngy\u00f6kkel | marad\u00f3.","robots":{"index":"index","follow":"follow","max-snippet":"max-snippet:-1","max-image-preview":"max-image-preview:large","max-video-preview":"max-video-preview:-1"},"canonical":"https:\/\/marado.hu\/en\/product\/gyongyos-hajtu-szett-ovalis-akril-gyongyokkel\/","og_locale":"en_GB","og_type":"article","og_title":"Gy\u00f6ngy\u00f6s hajt\u0171 szett \u2013 ov\u00e1lis akril gy\u00f6ngy\u00f6kkel | marad\u00f3.","og_description":"Saj\u00e1t m\u00e1rk\u00e1s, eleg\u00e1ns hajt\u0171 szett arany vagy ez\u00fcst sz\u00ednben, 15 db ov\u00e1lis alak\u00fa akril gy\u00f6nggyel. A hajt\u0171 hossza: 6,5 cm. V\u00e1laszthat\u00f3 kiszerel\u00e9s: 1 db vagy 2 db.","og_url":"https:\/\/marado.hu\/en\/product\/gyongyos-hajtu-szett-ovalis-akril-gyongyokkel\/","og_site_name":"marad\u00f3.","article_publisher":"https:\/\/www.facebook.com\/profile.php?id=61583774536538","article_modified_time":"2026-04-29T13:15:13+00:00","og_image":[{"width":1024,"height":1536,"url":"https:\/\/marado.hu\/wp-content\/uploads\/2026\/04\/ca04178f-b558-409a-9044-7a76a11868e1-1.png","type":"image\/png"}],"twitter_card":"summary_large_image","twitter_misc":{"Estimated reading time":"1 minute"},"schema":{"@context":"https:\/\/schema.org","@graph":[{"@type":"WebPage","@id":"https:\/\/marado.hu\/termek\/gyongyos-hajtu-szett-ovalis-akril-gyongyokkel\/","url":"https:\/\/marado.hu\/termek\/gyongyos-hajtu-szett-ovalis-akril-gyongyokkel\/","name":"Gy\u00f6ngy\u00f6s hajt\u0171 szett \u2013 ov\u00e1lis akril gy\u00f6ngy\u00f6kkel | marad\u00f3.","isPartOf":{"@id":"https:\/\/marado.hu\/#website"},"primaryImageOfPage":{"@id":"https:\/\/marado.hu\/termek\/gyongyos-hajtu-szett-ovalis-akril-gyongyokkel\/#primaryimage"},"image":{"@id":"https:\/\/marado.hu\/termek\/gyongyos-hajtu-szett-ovalis-akril-gyongyokkel\/#primaryimage"},"thumbnailUrl":"https:\/\/marado.hu\/wp-content\/uploads\/2026\/04\/ca04178f-b558-409a-9044-7a76a11868e1-1.png","datePublished":"2026-04-15T16:32:42+00:00","dateModified":"2026-04-29T13:15:13+00:00","breadcrumb":{"@id":"https:\/\/marado.hu\/termek\/gyongyos-hajtu-szett-ovalis-akril-gyongyokkel\/#breadcrumb"},"inLanguage":"en-GB","potentialAction":[{"@type":"ReadAction","target":["https:\/\/marado.hu\/termek\/gyongyos-hajtu-szett-ovalis-akril-gyongyokkel\/"]}]},{"@type":"ImageObject","inLanguage":"en-GB","@id":"https:\/\/marado.hu\/termek\/gyongyos-hajtu-szett-ovalis-akril-gyongyokkel\/#primaryimage","url":"https:\/\/marado.hu\/wp-content\/uploads\/2026\/04\/ca04178f-b558-409a-9044-7a76a11868e1-1.png","contentUrl":"https:\/\/marado.hu\/wp-content\/uploads\/2026\/04\/ca04178f-b558-409a-9044-7a76a11868e1-1.png","width":1024,"height":1536},{"@type":"BreadcrumbList","@id":"https:\/\/marado.hu\/termek\/gyongyos-hajtu-szett-ovalis-akril-gyongyokkel\/#breadcrumb","itemListElement":[{"@type":"ListItem","position":1,"name":"Kezd\u0151lap","item":"https:\/\/marado.hu\/"},{"@type":"ListItem","position":2,"name":"Term\u00e9kek","item":"https:\/\/marado.hu\/uzlet\/"},{"@type":"ListItem","position":3,"name":"Gy\u00f6ngy\u00f6s hajt\u0171 szett \u2013 ov\u00e1lis akril gy\u00f6ngy\u00f6kkel"}]},{"@type":"WebSite","@id":"https:\/\/marado.hu\/#website","url":"https:\/\/marado.hu\/","name":"marad\u00f3.","description":"marad\u00f3. | some things are eternal","publisher":{"@id":"https:\/\/marado.hu\/#organization"},"potentialAction":[{"@type":"SearchAction","target":{"@type":"EntryPoint","urlTemplate":"https:\/\/marado.hu\/?s={search_term_string}"},"query-input":{"@type":"PropertyValueSpecification","valueRequired":true,"valueName":"search_term_string"}}],"inLanguage":"en-GB"},{"@type":"Organization","@id":"https:\/\/marado.hu\/#organization","name":"marad\u00f3.","url":"https:\/\/marado.hu\/","logo":{"@type":"ImageObject","inLanguage":"en-GB","@id":"https:\/\/marado.hu\/#\/schema\/logo\/image\/","url":"https:\/\/marado.hu\/wp-content\/uploads\/2026\/02\/2.png","contentUrl":"https:\/\/marado.hu\/wp-content\/uploads\/2026\/02\/2.png","width":2000,"height":2000,"caption":"marad\u00f3."},"image":{"@id":"https:\/\/marado.hu\/#\/schema\/logo\/image\/"},"sameAs":["https:\/\/www.facebook.com\/profile.php?id=61583774536538","https:\/\/pinterest.com\/maradostyle","https:\/\/instagram.com\/maradostyle"]}]}},"jetpack_sharing_enabled":true,"_links":{"self":[{"href":"https:\/\/marado.hu\/en\/wp-json\/wp\/v2\/product\/621","targetHints":{"allow":["GET"]}}],"collection":[{"href":"https:\/\/marado.hu\/en\/wp-json\/wp\/v2\/product"}],"about":[{"href":"https:\/\/marado.hu\/en\/wp-json\/wp\/v2\/types\/product"}],"replies":[{"embeddable":true,"href":"https:\/\/marado.hu\/en\/wp-json\/wp\/v2\/comments?post=621"}],"version-history":[{"count":3,"href":"https:\/\/marado.hu\/en\/wp-json\/wp\/v2\/product\/621\/revisions"}],"predecessor-version":[{"id":653,"href":"https:\/\/marado.hu\/en\/wp-json\/wp\/v2\/product\/621\/revisions\/653"}],"wp:featuredmedia":[{"embeddable":true,"href":"https:\/\/marado.hu\/en\/wp-json\/wp\/v2\/media\/635"}],"wp:attachment":[{"href":"https:\/\/marado.hu\/en\/wp-json\/wp\/v2\/media?parent=621"}],"wp:term":[{"taxonomy":"product_brand","embeddable":true,"href":"https:\/\/marado.hu\/en\/wp-json\/wp\/v2\/product_brand?post=621"},{"taxonomy":"product_cat","embeddable":true,"href":"https:\/\/marado.hu\/en\/wp-json\/wp\/v2\/product_cat?post=621"},{"taxonomy":"product_tag","embeddable":true,"href":"https:\/\/marado.hu\/en\/wp-json\/wp\/v2\/product_tag?post=621"}],"curies":[{"name":"wp","href":"https:\/\/api.w.org\/{rel}","templated":true}]}}