{"id":478,"date":"2026-04-13T16:18:17","date_gmt":"2026-04-13T16:18:17","guid":{"rendered":"https:\/\/marado.hu\/?post_type=product&#038;p=478"},"modified":"2026-04-14T14:48:46","modified_gmt":"2026-04-14T14:48:46","slug":"s-oliver-feher-pamutvaszon-bluz-40","status":"publish","type":"product","link":"https:\/\/marado.hu\/en\/product\/s-oliver-feher-pamutvaszon-bluz-40\/","title":{"rendered":"s.Oliver feh\u00e9r pamutv\u00e1szon bl\u00faz 40"},"content":{"rendered":"<p data-start=\"1217\" data-end=\"1570\">Letisztult s.Oliver n\u0151i feh\u00e9r bl\u00faz pamutv\u00e1szon anyagb\u00f3l, d\u00edszt\u0171z\u00f6tt mellr\u00e9sszel, n\u00e9gyzetes gombokkal \u00e9s enyh\u00e9n puffos r\u00f6vid ujjal. J\u00f3l kombin\u00e1lhat\u00f3, n\u0151ies preloved darab.<\/p>","protected":false},"excerpt":{"rendered":"<p>Letisztult s.Oliver n\u0151i feh\u00e9r bl\u00faz pamutv\u00e1szon anyagb\u00f3l, d\u00edszt\u0171z\u00f6tt mellr\u00e9sszel, n\u00e9gyzetes gombokkal \u00e9s enyh\u00e9n puffos r\u00f6vid ujjal. J\u00f3l kombin\u00e1lhat\u00f3, n\u0151ies preloved darab.<\/p>","protected":false},"featured_media":554,"comment_status":"closed","ping_status":"closed","template":"","meta":[],"product_brand":[],"product_cat":[93],"product_tag":[196,207,198,185,152,195,191,206,44,188,85],"class_list":{"0":"post-478","1":"product","2":"type-product","3":"status-publish","4":"has-post-thumbnail","6":"product_cat-ingek-es-bluzok","7":"product_tag-196","8":"product_tag-elegans-bluz","9":"product_tag-esprit","10":"product_tag-feher-bluz","11":"product_tag-noi-bluz","12":"product_tag-nyari-bluz","13":"product_tag-pamut-bluz","14":"product_tag-pamutvaszon-bluz","15":"product_tag-preloved","16":"product_tag-romantikus-bluz","17":"product_tag-s-oliver","18":"pa_anyag-pamut","19":"pa_marka-s-oliver","20":"pa_szin-feher","22":"first","23":"instock","24":"sold-individually","25":"shipping-taxable","26":"purchasable","27":"product-type-simple"},"yoast_head":"<!-- This site is optimized with the Yoast SEO plugin v27.5 - https:\/\/yoast.com\/product\/yoast-seo-wordpress\/ -->\n<title>s.Oliver feh\u00e9r pamutv\u00e1szon bl\u00faz 40 | marad\u00f3.<\/title>\n<meta name=\"robots\" content=\"index, follow, max-snippet:-1, max-image-preview:large, max-video-preview:-1\" \/>\n<link rel=\"canonical\" href=\"https:\/\/marado.hu\/en\/product\/s-oliver-feher-pamutvaszon-bluz-40\/\" \/>\n<meta property=\"og:locale\" content=\"en_GB\" \/>\n<meta property=\"og:type\" content=\"article\" \/>\n<meta property=\"og:title\" content=\"s.Oliver feh\u00e9r pamutv\u00e1szon bl\u00faz 40 | marad\u00f3.\" \/>\n<meta property=\"og:description\" content=\"Letisztult s.Oliver n\u0151i feh\u00e9r bl\u00faz pamutv\u00e1szon anyagb\u00f3l, d\u00edszt\u0171z\u00f6tt mellr\u00e9sszel, n\u00e9gyzetes gombokkal \u00e9s enyh\u00e9n puffos r\u00f6vid ujjal. J\u00f3l kombin\u00e1lhat\u00f3, n\u0151ies preloved darab.\" \/>\n<meta property=\"og:url\" content=\"https:\/\/marado.hu\/en\/product\/s-oliver-feher-pamutvaszon-bluz-40\/\" \/>\n<meta property=\"og:site_name\" content=\"marad\u00f3.\" \/>\n<meta property=\"article:publisher\" content=\"https:\/\/www.facebook.com\/profile.php?id=61583774536538\" \/>\n<meta property=\"article:modified_time\" content=\"2026-04-14T14:48:46+00:00\" \/>\n<meta property=\"og:image\" content=\"https:\/\/marado.hu\/wp-content\/uploads\/2026\/04\/IMG_0642-hatter-eltavolitva-scaled.png\" \/>\n\t<meta property=\"og:image:width\" content=\"1920\" \/>\n\t<meta property=\"og:image:height\" content=\"2560\" \/>\n\t<meta property=\"og:image:type\" content=\"image\/png\" \/>\n<meta name=\"twitter:card\" content=\"summary_large_image\" \/>\n<script type=\"application\/ld+json\" class=\"yoast-schema-graph\">{\"@context\":\"https:\\\/\\\/schema.org\",\"@graph\":[{\"@type\":\"WebPage\",\"@id\":\"https:\\\/\\\/marado.hu\\\/termek\\\/s-oliver-feher-pamutvaszon-bluz-40\\\/\",\"url\":\"https:\\\/\\\/marado.hu\\\/termek\\\/s-oliver-feher-pamutvaszon-bluz-40\\\/\",\"name\":\"s.Oliver feh\u00e9r pamutv\u00e1szon bl\u00faz 40 | marad\u00f3.\",\"isPartOf\":{\"@id\":\"https:\\\/\\\/marado.hu\\\/#website\"},\"primaryImageOfPage\":{\"@id\":\"https:\\\/\\\/marado.hu\\\/termek\\\/s-oliver-feher-pamutvaszon-bluz-40\\\/#primaryimage\"},\"image\":{\"@id\":\"https:\\\/\\\/marado.hu\\\/termek\\\/s-oliver-feher-pamutvaszon-bluz-40\\\/#primaryimage\"},\"thumbnailUrl\":\"https:\\\/\\\/marado.hu\\\/wp-content\\\/uploads\\\/2026\\\/04\\\/IMG_0642-hatter-eltavolitva-scaled.png\",\"datePublished\":\"2026-04-13T16:18:17+00:00\",\"dateModified\":\"2026-04-14T14:48:46+00:00\",\"breadcrumb\":{\"@id\":\"https:\\\/\\\/marado.hu\\\/termek\\\/s-oliver-feher-pamutvaszon-bluz-40\\\/#breadcrumb\"},\"inLanguage\":\"en-GB\",\"potentialAction\":[{\"@type\":\"ReadAction\",\"target\":[\"https:\\\/\\\/marado.hu\\\/termek\\\/s-oliver-feher-pamutvaszon-bluz-40\\\/\"]}]},{\"@type\":\"ImageObject\",\"inLanguage\":\"en-GB\",\"@id\":\"https:\\\/\\\/marado.hu\\\/termek\\\/s-oliver-feher-pamutvaszon-bluz-40\\\/#primaryimage\",\"url\":\"https:\\\/\\\/marado.hu\\\/wp-content\\\/uploads\\\/2026\\\/04\\\/IMG_0642-hatter-eltavolitva-scaled.png\",\"contentUrl\":\"https:\\\/\\\/marado.hu\\\/wp-content\\\/uploads\\\/2026\\\/04\\\/IMG_0642-hatter-eltavolitva-scaled.png\",\"width\":1920,\"height\":2560},{\"@type\":\"BreadcrumbList\",\"@id\":\"https:\\\/\\\/marado.hu\\\/termek\\\/s-oliver-feher-pamutvaszon-bluz-40\\\/#breadcrumb\",\"itemListElement\":[{\"@type\":\"ListItem\",\"position\":1,\"name\":\"Kezd\u0151lap\",\"item\":\"https:\\\/\\\/marado.hu\\\/\"},{\"@type\":\"ListItem\",\"position\":2,\"name\":\"Term\u00e9kek\",\"item\":\"https:\\\/\\\/marado.hu\\\/uzlet\\\/\"},{\"@type\":\"ListItem\",\"position\":3,\"name\":\"s.Oliver feh\u00e9r pamutv\u00e1szon bl\u00faz 40\"}]},{\"@type\":\"WebSite\",\"@id\":\"https:\\\/\\\/marado.hu\\\/#website\",\"url\":\"https:\\\/\\\/marado.hu\\\/\",\"name\":\"marad\u00f3.\",\"description\":\"marad\u00f3. | mert van, ami \u00f6r\u00f6k\",\"publisher\":{\"@id\":\"https:\\\/\\\/marado.hu\\\/#organization\"},\"potentialAction\":[{\"@type\":\"SearchAction\",\"target\":{\"@type\":\"EntryPoint\",\"urlTemplate\":\"https:\\\/\\\/marado.hu\\\/?s={search_term_string}\"},\"query-input\":{\"@type\":\"PropertyValueSpecification\",\"valueRequired\":true,\"valueName\":\"search_term_string\"}}],\"inLanguage\":\"en-GB\"},{\"@type\":\"Organization\",\"@id\":\"https:\\\/\\\/marado.hu\\\/#organization\",\"name\":\"marad\u00f3.\",\"url\":\"https:\\\/\\\/marado.hu\\\/\",\"logo\":{\"@type\":\"ImageObject\",\"inLanguage\":\"en-GB\",\"@id\":\"https:\\\/\\\/marado.hu\\\/#\\\/schema\\\/logo\\\/image\\\/\",\"url\":\"https:\\\/\\\/marado.hu\\\/wp-content\\\/uploads\\\/2026\\\/02\\\/2.png\",\"contentUrl\":\"https:\\\/\\\/marado.hu\\\/wp-content\\\/uploads\\\/2026\\\/02\\\/2.png\",\"width\":2000,\"height\":2000,\"caption\":\"marad\u00f3.\"},\"image\":{\"@id\":\"https:\\\/\\\/marado.hu\\\/#\\\/schema\\\/logo\\\/image\\\/\"},\"sameAs\":[\"https:\\\/\\\/www.facebook.com\\\/profile.php?id=61583774536538\",\"https:\\\/\\\/pinterest.com\\\/maradostyle\",\"https:\\\/\\\/instagram.com\\\/maradostyle\"]}]}<\/script>\n<!-- \/ Yoast SEO plugin. -->","yoast_head_json":{"title":"s.Oliver feh\u00e9r pamutv\u00e1szon bl\u00faz 40 | marad\u00f3.","robots":{"index":"index","follow":"follow","max-snippet":"max-snippet:-1","max-image-preview":"max-image-preview:large","max-video-preview":"max-video-preview:-1"},"canonical":"https:\/\/marado.hu\/en\/product\/s-oliver-feher-pamutvaszon-bluz-40\/","og_locale":"en_GB","og_type":"article","og_title":"s.Oliver feh\u00e9r pamutv\u00e1szon bl\u00faz 40 | marad\u00f3.","og_description":"Letisztult s.Oliver n\u0151i feh\u00e9r bl\u00faz pamutv\u00e1szon anyagb\u00f3l, d\u00edszt\u0171z\u00f6tt mellr\u00e9sszel, n\u00e9gyzetes gombokkal \u00e9s enyh\u00e9n puffos r\u00f6vid ujjal. J\u00f3l kombin\u00e1lhat\u00f3, n\u0151ies preloved darab.","og_url":"https:\/\/marado.hu\/en\/product\/s-oliver-feher-pamutvaszon-bluz-40\/","og_site_name":"marad\u00f3.","article_publisher":"https:\/\/www.facebook.com\/profile.php?id=61583774536538","article_modified_time":"2026-04-14T14:48:46+00:00","og_image":[{"width":1920,"height":2560,"url":"https:\/\/marado.hu\/wp-content\/uploads\/2026\/04\/IMG_0642-hatter-eltavolitva-scaled.png","type":"image\/png"}],"twitter_card":"summary_large_image","schema":{"@context":"https:\/\/schema.org","@graph":[{"@type":"WebPage","@id":"https:\/\/marado.hu\/termek\/s-oliver-feher-pamutvaszon-bluz-40\/","url":"https:\/\/marado.hu\/termek\/s-oliver-feher-pamutvaszon-bluz-40\/","name":"s.Oliver feh\u00e9r pamutv\u00e1szon bl\u00faz 40 | marad\u00f3.","isPartOf":{"@id":"https:\/\/marado.hu\/#website"},"primaryImageOfPage":{"@id":"https:\/\/marado.hu\/termek\/s-oliver-feher-pamutvaszon-bluz-40\/#primaryimage"},"image":{"@id":"https:\/\/marado.hu\/termek\/s-oliver-feher-pamutvaszon-bluz-40\/#primaryimage"},"thumbnailUrl":"https:\/\/marado.hu\/wp-content\/uploads\/2026\/04\/IMG_0642-hatter-eltavolitva-scaled.png","datePublished":"2026-04-13T16:18:17+00:00","dateModified":"2026-04-14T14:48:46+00:00","breadcrumb":{"@id":"https:\/\/marado.hu\/termek\/s-oliver-feher-pamutvaszon-bluz-40\/#breadcrumb"},"inLanguage":"en-GB","potentialAction":[{"@type":"ReadAction","target":["https:\/\/marado.hu\/termek\/s-oliver-feher-pamutvaszon-bluz-40\/"]}]},{"@type":"ImageObject","inLanguage":"en-GB","@id":"https:\/\/marado.hu\/termek\/s-oliver-feher-pamutvaszon-bluz-40\/#primaryimage","url":"https:\/\/marado.hu\/wp-content\/uploads\/2026\/04\/IMG_0642-hatter-eltavolitva-scaled.png","contentUrl":"https:\/\/marado.hu\/wp-content\/uploads\/2026\/04\/IMG_0642-hatter-eltavolitva-scaled.png","width":1920,"height":2560},{"@type":"BreadcrumbList","@id":"https:\/\/marado.hu\/termek\/s-oliver-feher-pamutvaszon-bluz-40\/#breadcrumb","itemListElement":[{"@type":"ListItem","position":1,"name":"Kezd\u0151lap","item":"https:\/\/marado.hu\/"},{"@type":"ListItem","position":2,"name":"Term\u00e9kek","item":"https:\/\/marado.hu\/uzlet\/"},{"@type":"ListItem","position":3,"name":"s.Oliver feh\u00e9r pamutv\u00e1szon bl\u00faz 40"}]},{"@type":"WebSite","@id":"https:\/\/marado.hu\/#website","url":"https:\/\/marado.hu\/","name":"marad\u00f3.","description":"marad\u00f3. | some things are eternal","publisher":{"@id":"https:\/\/marado.hu\/#organization"},"potentialAction":[{"@type":"SearchAction","target":{"@type":"EntryPoint","urlTemplate":"https:\/\/marado.hu\/?s={search_term_string}"},"query-input":{"@type":"PropertyValueSpecification","valueRequired":true,"valueName":"search_term_string"}}],"inLanguage":"en-GB"},{"@type":"Organization","@id":"https:\/\/marado.hu\/#organization","name":"marad\u00f3.","url":"https:\/\/marado.hu\/","logo":{"@type":"ImageObject","inLanguage":"en-GB","@id":"https:\/\/marado.hu\/#\/schema\/logo\/image\/","url":"https:\/\/marado.hu\/wp-content\/uploads\/2026\/02\/2.png","contentUrl":"https:\/\/marado.hu\/wp-content\/uploads\/2026\/02\/2.png","width":2000,"height":2000,"caption":"marad\u00f3."},"image":{"@id":"https:\/\/marado.hu\/#\/schema\/logo\/image\/"},"sameAs":["https:\/\/www.facebook.com\/profile.php?id=61583774536538","https:\/\/pinterest.com\/maradostyle","https:\/\/instagram.com\/maradostyle"]}]}},"jetpack_sharing_enabled":true,"_links":{"self":[{"href":"https:\/\/marado.hu\/en\/wp-json\/wp\/v2\/product\/478","targetHints":{"allow":["GET"]}}],"collection":[{"href":"https:\/\/marado.hu\/en\/wp-json\/wp\/v2\/product"}],"about":[{"href":"https:\/\/marado.hu\/en\/wp-json\/wp\/v2\/types\/product"}],"replies":[{"embeddable":true,"href":"https:\/\/marado.hu\/en\/wp-json\/wp\/v2\/comments?post=478"}],"version-history":[{"count":2,"href":"https:\/\/marado.hu\/en\/wp-json\/wp\/v2\/product\/478\/revisions"}],"predecessor-version":[{"id":553,"href":"https:\/\/marado.hu\/en\/wp-json\/wp\/v2\/product\/478\/revisions\/553"}],"wp:featuredmedia":[{"embeddable":true,"href":"https:\/\/marado.hu\/en\/wp-json\/wp\/v2\/media\/554"}],"wp:attachment":[{"href":"https:\/\/marado.hu\/en\/wp-json\/wp\/v2\/media?parent=478"}],"wp:term":[{"taxonomy":"product_brand","embeddable":true,"href":"https:\/\/marado.hu\/en\/wp-json\/wp\/v2\/product_brand?post=478"},{"taxonomy":"product_cat","embeddable":true,"href":"https:\/\/marado.hu\/en\/wp-json\/wp\/v2\/product_cat?post=478"},{"taxonomy":"product_tag","embeddable":true,"href":"https:\/\/marado.hu\/en\/wp-json\/wp\/v2\/product_tag?post=478"}],"curies":[{"name":"wp","href":"https:\/\/api.w.org\/{rel}","templated":true}]}}