{"id":474,"date":"2026-04-13T16:13:22","date_gmt":"2026-04-13T16:13:22","guid":{"rendered":"https:\/\/marado.hu\/?post_type=product&#038;p=474"},"modified":"2026-04-14T15:23:39","modified_gmt":"2026-04-14T15:23:39","slug":"pageone-feher-ejtett-vallu-pamut-bluz-38","status":"publish","type":"product","link":"https:\/\/marado.hu\/en\/product\/pageone-feher-ejtett-vallu-pamut-bluz-38\/","title":{"rendered":"PageOne feh\u00e9r ejtett v\u00e1ll\u00fa pamut bl\u00faz 38"},"content":{"rendered":"<p data-start=\"1217\" data-end=\"1570\">N\u0151ies PageOne feh\u00e9r bl\u00faz pamut anyagb\u00f3l, ejtett v\u00e1llal, fodros nyakkiv\u00e1g\u00e1ssal \u00e9s gum\u00edrozott der\u00e9kr\u00e9sszel. K\u00f6nnyed, ny\u00e1ri preloved darab.<\/p>","protected":false},"excerpt":{"rendered":"<p>N\u0151ies Esprit feh\u00e9r bl\u00faz l\u00e1gy es\u00e9s\u0171 viszk\u00f3z anyagb\u00f3l, gy\u0171rt hat\u00e1s\u00fa text\u00far\u00e1val, fodros nyakr\u00e9sszel \u00e9s finoman lebben\u0151 r\u00f6vid ujjal. K\u00f6nnyed, j\u00f3l kombin\u00e1lhat\u00f3 preloved darab.<\/p>","protected":false},"featured_media":566,"comment_status":"closed","ping_status":"closed","template":"","meta":[],"product_brand":[],"product_cat":[93],"product_tag":[172,185,152,195,203,202,191,44,188],"class_list":{"0":"post-474","1":"product","2":"type-product","3":"status-publish","4":"has-post-thumbnail","6":"product_cat-ingek-es-bluzok","7":"product_tag-172","8":"product_tag-feher-bluz","9":"product_tag-noi-bluz","10":"product_tag-nyari-bluz","11":"product_tag-off-shoulder-bluz","12":"product_tag-pageone","13":"product_tag-pamut-bluz","14":"product_tag-preloved","15":"product_tag-romantikus-bluz","16":"pa_anyag-pamut","17":"pa_marka-pageone","18":"pa_szin-feher","20":"first","21":"instock","22":"sold-individually","23":"shipping-taxable","24":"purchasable","25":"product-type-simple"},"yoast_head":"<!-- This site is optimized with the Yoast SEO plugin v27.5 - https:\/\/yoast.com\/product\/yoast-seo-wordpress\/ -->\n<title>PageOne feh\u00e9r ejtett v\u00e1ll\u00fa pamut bl\u00faz 38 | marad\u00f3.<\/title>\n<meta name=\"robots\" content=\"index, follow, max-snippet:-1, max-image-preview:large, max-video-preview:-1\" \/>\n<link rel=\"canonical\" href=\"https:\/\/marado.hu\/en\/product\/pageone-feher-ejtett-vallu-pamut-bluz-38\/\" \/>\n<meta property=\"og:locale\" content=\"en_GB\" \/>\n<meta property=\"og:type\" content=\"article\" \/>\n<meta property=\"og:title\" content=\"PageOne feh\u00e9r ejtett v\u00e1ll\u00fa pamut bl\u00faz 38 | marad\u00f3.\" \/>\n<meta property=\"og:description\" content=\"N\u0151ies Esprit feh\u00e9r bl\u00faz l\u00e1gy es\u00e9s\u0171 viszk\u00f3z anyagb\u00f3l, gy\u0171rt hat\u00e1s\u00fa text\u00far\u00e1val, fodros nyakr\u00e9sszel \u00e9s finoman lebben\u0151 r\u00f6vid ujjal. K\u00f6nnyed, j\u00f3l kombin\u00e1lhat\u00f3 preloved darab.\" \/>\n<meta property=\"og:url\" content=\"https:\/\/marado.hu\/en\/product\/pageone-feher-ejtett-vallu-pamut-bluz-38\/\" \/>\n<meta property=\"og:site_name\" content=\"marad\u00f3.\" \/>\n<meta property=\"article:publisher\" content=\"https:\/\/www.facebook.com\/profile.php?id=61583774536538\" \/>\n<meta property=\"article:modified_time\" content=\"2026-04-14T15:23:39+00:00\" \/>\n<meta property=\"og:image\" content=\"https:\/\/marado.hu\/wp-content\/uploads\/2026\/04\/IMG_0665-hatter-eltavolitva-scaled.png\" \/>\n\t<meta property=\"og:image:width\" content=\"1920\" \/>\n\t<meta property=\"og:image:height\" content=\"2560\" \/>\n\t<meta property=\"og:image:type\" content=\"image\/png\" \/>\n<meta name=\"twitter:card\" content=\"summary_large_image\" \/>\n<script type=\"application\/ld+json\" class=\"yoast-schema-graph\">{\"@context\":\"https:\\\/\\\/schema.org\",\"@graph\":[{\"@type\":\"WebPage\",\"@id\":\"https:\\\/\\\/marado.hu\\\/termek\\\/pageone-feher-ejtett-vallu-pamut-bluz-38\\\/\",\"url\":\"https:\\\/\\\/marado.hu\\\/termek\\\/pageone-feher-ejtett-vallu-pamut-bluz-38\\\/\",\"name\":\"PageOne feh\u00e9r ejtett v\u00e1ll\u00fa pamut bl\u00faz 38 | marad\u00f3.\",\"isPartOf\":{\"@id\":\"https:\\\/\\\/marado.hu\\\/#website\"},\"primaryImageOfPage\":{\"@id\":\"https:\\\/\\\/marado.hu\\\/termek\\\/pageone-feher-ejtett-vallu-pamut-bluz-38\\\/#primaryimage\"},\"image\":{\"@id\":\"https:\\\/\\\/marado.hu\\\/termek\\\/pageone-feher-ejtett-vallu-pamut-bluz-38\\\/#primaryimage\"},\"thumbnailUrl\":\"https:\\\/\\\/marado.hu\\\/wp-content\\\/uploads\\\/2026\\\/04\\\/IMG_0665-hatter-eltavolitva-scaled.png\",\"datePublished\":\"2026-04-13T16:13:22+00:00\",\"dateModified\":\"2026-04-14T15:23:39+00:00\",\"breadcrumb\":{\"@id\":\"https:\\\/\\\/marado.hu\\\/termek\\\/pageone-feher-ejtett-vallu-pamut-bluz-38\\\/#breadcrumb\"},\"inLanguage\":\"en-GB\",\"potentialAction\":[{\"@type\":\"ReadAction\",\"target\":[\"https:\\\/\\\/marado.hu\\\/termek\\\/pageone-feher-ejtett-vallu-pamut-bluz-38\\\/\"]}]},{\"@type\":\"ImageObject\",\"inLanguage\":\"en-GB\",\"@id\":\"https:\\\/\\\/marado.hu\\\/termek\\\/pageone-feher-ejtett-vallu-pamut-bluz-38\\\/#primaryimage\",\"url\":\"https:\\\/\\\/marado.hu\\\/wp-content\\\/uploads\\\/2026\\\/04\\\/IMG_0665-hatter-eltavolitva-scaled.png\",\"contentUrl\":\"https:\\\/\\\/marado.hu\\\/wp-content\\\/uploads\\\/2026\\\/04\\\/IMG_0665-hatter-eltavolitva-scaled.png\",\"width\":1920,\"height\":2560},{\"@type\":\"BreadcrumbList\",\"@id\":\"https:\\\/\\\/marado.hu\\\/termek\\\/pageone-feher-ejtett-vallu-pamut-bluz-38\\\/#breadcrumb\",\"itemListElement\":[{\"@type\":\"ListItem\",\"position\":1,\"name\":\"Kezd\u0151lap\",\"item\":\"https:\\\/\\\/marado.hu\\\/\"},{\"@type\":\"ListItem\",\"position\":2,\"name\":\"Term\u00e9kek\",\"item\":\"https:\\\/\\\/marado.hu\\\/uzlet\\\/\"},{\"@type\":\"ListItem\",\"position\":3,\"name\":\"PageOne feh\u00e9r ejtett v\u00e1ll\u00fa pamut bl\u00faz 38\"}]},{\"@type\":\"WebSite\",\"@id\":\"https:\\\/\\\/marado.hu\\\/#website\",\"url\":\"https:\\\/\\\/marado.hu\\\/\",\"name\":\"marad\u00f3.\",\"description\":\"marad\u00f3. | mert van, ami \u00f6r\u00f6k\",\"publisher\":{\"@id\":\"https:\\\/\\\/marado.hu\\\/#organization\"},\"potentialAction\":[{\"@type\":\"SearchAction\",\"target\":{\"@type\":\"EntryPoint\",\"urlTemplate\":\"https:\\\/\\\/marado.hu\\\/?s={search_term_string}\"},\"query-input\":{\"@type\":\"PropertyValueSpecification\",\"valueRequired\":true,\"valueName\":\"search_term_string\"}}],\"inLanguage\":\"en-GB\"},{\"@type\":\"Organization\",\"@id\":\"https:\\\/\\\/marado.hu\\\/#organization\",\"name\":\"marad\u00f3.\",\"url\":\"https:\\\/\\\/marado.hu\\\/\",\"logo\":{\"@type\":\"ImageObject\",\"inLanguage\":\"en-GB\",\"@id\":\"https:\\\/\\\/marado.hu\\\/#\\\/schema\\\/logo\\\/image\\\/\",\"url\":\"https:\\\/\\\/marado.hu\\\/wp-content\\\/uploads\\\/2026\\\/02\\\/2.png\",\"contentUrl\":\"https:\\\/\\\/marado.hu\\\/wp-content\\\/uploads\\\/2026\\\/02\\\/2.png\",\"width\":2000,\"height\":2000,\"caption\":\"marad\u00f3.\"},\"image\":{\"@id\":\"https:\\\/\\\/marado.hu\\\/#\\\/schema\\\/logo\\\/image\\\/\"},\"sameAs\":[\"https:\\\/\\\/www.facebook.com\\\/profile.php?id=61583774536538\",\"https:\\\/\\\/pinterest.com\\\/maradostyle\",\"https:\\\/\\\/instagram.com\\\/maradostyle\"]}]}<\/script>\n<!-- \/ Yoast SEO plugin. -->","yoast_head_json":{"title":"PageOne feh\u00e9r ejtett v\u00e1ll\u00fa pamut bl\u00faz 38 | marad\u00f3.","robots":{"index":"index","follow":"follow","max-snippet":"max-snippet:-1","max-image-preview":"max-image-preview:large","max-video-preview":"max-video-preview:-1"},"canonical":"https:\/\/marado.hu\/en\/product\/pageone-feher-ejtett-vallu-pamut-bluz-38\/","og_locale":"en_GB","og_type":"article","og_title":"PageOne feh\u00e9r ejtett v\u00e1ll\u00fa pamut bl\u00faz 38 | marad\u00f3.","og_description":"N\u0151ies Esprit feh\u00e9r bl\u00faz l\u00e1gy es\u00e9s\u0171 viszk\u00f3z anyagb\u00f3l, gy\u0171rt hat\u00e1s\u00fa text\u00far\u00e1val, fodros nyakr\u00e9sszel \u00e9s finoman lebben\u0151 r\u00f6vid ujjal. K\u00f6nnyed, j\u00f3l kombin\u00e1lhat\u00f3 preloved darab.","og_url":"https:\/\/marado.hu\/en\/product\/pageone-feher-ejtett-vallu-pamut-bluz-38\/","og_site_name":"marad\u00f3.","article_publisher":"https:\/\/www.facebook.com\/profile.php?id=61583774536538","article_modified_time":"2026-04-14T15:23:39+00:00","og_image":[{"width":1920,"height":2560,"url":"https:\/\/marado.hu\/wp-content\/uploads\/2026\/04\/IMG_0665-hatter-eltavolitva-scaled.png","type":"image\/png"}],"twitter_card":"summary_large_image","schema":{"@context":"https:\/\/schema.org","@graph":[{"@type":"WebPage","@id":"https:\/\/marado.hu\/termek\/pageone-feher-ejtett-vallu-pamut-bluz-38\/","url":"https:\/\/marado.hu\/termek\/pageone-feher-ejtett-vallu-pamut-bluz-38\/","name":"PageOne feh\u00e9r ejtett v\u00e1ll\u00fa pamut bl\u00faz 38 | marad\u00f3.","isPartOf":{"@id":"https:\/\/marado.hu\/#website"},"primaryImageOfPage":{"@id":"https:\/\/marado.hu\/termek\/pageone-feher-ejtett-vallu-pamut-bluz-38\/#primaryimage"},"image":{"@id":"https:\/\/marado.hu\/termek\/pageone-feher-ejtett-vallu-pamut-bluz-38\/#primaryimage"},"thumbnailUrl":"https:\/\/marado.hu\/wp-content\/uploads\/2026\/04\/IMG_0665-hatter-eltavolitva-scaled.png","datePublished":"2026-04-13T16:13:22+00:00","dateModified":"2026-04-14T15:23:39+00:00","breadcrumb":{"@id":"https:\/\/marado.hu\/termek\/pageone-feher-ejtett-vallu-pamut-bluz-38\/#breadcrumb"},"inLanguage":"en-GB","potentialAction":[{"@type":"ReadAction","target":["https:\/\/marado.hu\/termek\/pageone-feher-ejtett-vallu-pamut-bluz-38\/"]}]},{"@type":"ImageObject","inLanguage":"en-GB","@id":"https:\/\/marado.hu\/termek\/pageone-feher-ejtett-vallu-pamut-bluz-38\/#primaryimage","url":"https:\/\/marado.hu\/wp-content\/uploads\/2026\/04\/IMG_0665-hatter-eltavolitva-scaled.png","contentUrl":"https:\/\/marado.hu\/wp-content\/uploads\/2026\/04\/IMG_0665-hatter-eltavolitva-scaled.png","width":1920,"height":2560},{"@type":"BreadcrumbList","@id":"https:\/\/marado.hu\/termek\/pageone-feher-ejtett-vallu-pamut-bluz-38\/#breadcrumb","itemListElement":[{"@type":"ListItem","position":1,"name":"Kezd\u0151lap","item":"https:\/\/marado.hu\/"},{"@type":"ListItem","position":2,"name":"Term\u00e9kek","item":"https:\/\/marado.hu\/uzlet\/"},{"@type":"ListItem","position":3,"name":"PageOne feh\u00e9r ejtett v\u00e1ll\u00fa pamut bl\u00faz 38"}]},{"@type":"WebSite","@id":"https:\/\/marado.hu\/#website","url":"https:\/\/marado.hu\/","name":"marad\u00f3.","description":"marad\u00f3. | some things are eternal","publisher":{"@id":"https:\/\/marado.hu\/#organization"},"potentialAction":[{"@type":"SearchAction","target":{"@type":"EntryPoint","urlTemplate":"https:\/\/marado.hu\/?s={search_term_string}"},"query-input":{"@type":"PropertyValueSpecification","valueRequired":true,"valueName":"search_term_string"}}],"inLanguage":"en-GB"},{"@type":"Organization","@id":"https:\/\/marado.hu\/#organization","name":"marad\u00f3.","url":"https:\/\/marado.hu\/","logo":{"@type":"ImageObject","inLanguage":"en-GB","@id":"https:\/\/marado.hu\/#\/schema\/logo\/image\/","url":"https:\/\/marado.hu\/wp-content\/uploads\/2026\/02\/2.png","contentUrl":"https:\/\/marado.hu\/wp-content\/uploads\/2026\/02\/2.png","width":2000,"height":2000,"caption":"marad\u00f3."},"image":{"@id":"https:\/\/marado.hu\/#\/schema\/logo\/image\/"},"sameAs":["https:\/\/www.facebook.com\/profile.php?id=61583774536538","https:\/\/pinterest.com\/maradostyle","https:\/\/instagram.com\/maradostyle"]}]}},"jetpack_sharing_enabled":true,"_links":{"self":[{"href":"https:\/\/marado.hu\/en\/wp-json\/wp\/v2\/product\/474","targetHints":{"allow":["GET"]}}],"collection":[{"href":"https:\/\/marado.hu\/en\/wp-json\/wp\/v2\/product"}],"about":[{"href":"https:\/\/marado.hu\/en\/wp-json\/wp\/v2\/types\/product"}],"replies":[{"embeddable":true,"href":"https:\/\/marado.hu\/en\/wp-json\/wp\/v2\/comments?post=474"}],"version-history":[{"count":1,"href":"https:\/\/marado.hu\/en\/wp-json\/wp\/v2\/product\/474\/revisions"}],"predecessor-version":[{"id":475,"href":"https:\/\/marado.hu\/en\/wp-json\/wp\/v2\/product\/474\/revisions\/475"}],"wp:featuredmedia":[{"embeddable":true,"href":"https:\/\/marado.hu\/en\/wp-json\/wp\/v2\/media\/566"}],"wp:attachment":[{"href":"https:\/\/marado.hu\/en\/wp-json\/wp\/v2\/media?parent=474"}],"wp:term":[{"taxonomy":"product_brand","embeddable":true,"href":"https:\/\/marado.hu\/en\/wp-json\/wp\/v2\/product_brand?post=474"},{"taxonomy":"product_cat","embeddable":true,"href":"https:\/\/marado.hu\/en\/wp-json\/wp\/v2\/product_cat?post=474"},{"taxonomy":"product_tag","embeddable":true,"href":"https:\/\/marado.hu\/en\/wp-json\/wp\/v2\/product_tag?post=474"}],"curies":[{"name":"wp","href":"https:\/\/api.w.org\/{rel}","templated":true}]}}