{"id":470,"date":"2026-04-13T16:03:14","date_gmt":"2026-04-13T16:03:14","guid":{"rendered":"https:\/\/marado.hu\/?post_type=product&#038;p=470"},"modified":"2026-04-14T15:27:43","modified_gmt":"2026-04-14T15:27:43","slug":"s-oliver-feher-himzett-pamut-bluz-40","status":"publish","type":"product","link":"https:\/\/marado.hu\/en\/product\/s-oliver-feher-himzett-pamut-bluz-40\/","title":{"rendered":"s.Oliver feh\u00e9r h\u00edmzett pamut bl\u00faz 40"},"content":{"rendered":"<p data-start=\"1217\" data-end=\"1570\">Ez az s.Oliver feh\u00e9r bl\u00faz remek v\u00e1laszt\u00e1s lehet, ha egy k\u00f6nnyed, n\u0151ies \u00e9s j\u00f3l kombin\u00e1lhat\u00f3 darabot keresel. A pamut anyag kellemes viseletet ad, m\u00edg az \u00e1tt\u00f6rt h\u00edmz\u00e9s finom, romantikus r\u00e9szletekkel teszi k\u00fcl\u00f6nlegesebb\u00e9 az \u00f6sszhat\u00e1st. A megk\u00f6t\u0151s nyakr\u00e9sz \u00e9s a l\u00e1gy es\u00e9s\u0171 szab\u00e1s egyszerre teszik k\u00e9nyelmess\u00e9 \u00e9s \u00edzl\u00e9sess\u00e9 ezt a modellt.<\/p>\n<p data-start=\"1572\" data-end=\"1808\">Feh\u00e9r sz\u00edn\u00e9nek k\u00f6sz\u00f6nhet\u0151en sokf\u00e9lek\u00e9ppen viselhet\u0151: eleg\u00e1ns nadr\u00e1ggal, farmerrel vagy szokny\u00e1val is j\u00f3l m\u0171k\u00f6dik. A 3\/4-es ujjak \u00e9s a d\u00edsz\u00edtett anyag miatt h\u00e9tk\u00f6znapi, irodai vagy ny\u00e1ri alkalmi \u00f6ssze\u00e1ll\u00edt\u00e1sokhoz is sz\u00e9p v\u00e1laszt\u00e1s lehet.<\/p>\n<p data-start=\"1810\" data-end=\"1953\">V\u00e1logatott preloved darab, amely term\u00e9szetes hat\u00e1s\u00e1val \u00e9s r\u00e9szletgazdag kidolgoz\u00e1s\u00e1val k\u00f6nnyen a gardr\u00f3b szerethet\u0151 alapdarabjai k\u00f6z\u00e9 ker\u00fclhet.<\/p>","protected":false},"excerpt":{"rendered":"<p>N\u0151ies s.Oliver feh\u00e9r bl\u00faz pamut anyagb\u00f3l, \u00e1tt\u00f6rt h\u00edmz\u00e9ssel, megk\u00f6t\u0151s nyakr\u00e9sszel \u00e9s 3\/4-es ujjal. K\u00f6nnyed, romantikus hangulat\u00fa preloved darab a ny\u00e1ri \u00e9s eleg\u00e1ns h\u00e9tk\u00f6znapi szettekhez.<\/p>","protected":false},"featured_media":570,"comment_status":"closed","ping_status":"closed","template":"","meta":[],"product_brand":[],"product_cat":[93],"product_tag":[196,194,185,193,197,192,152,195,191,44,188,85],"class_list":{"0":"post-470","1":"product","2":"type-product","3":"status-publish","4":"has-post-thumbnail","6":"product_cat-ingek-es-bluzok","7":"product_tag-196","8":"product_tag-attort-mintas-bluz","9":"product_tag-feher-bluz","10":"product_tag-himzett-bluz","11":"product_tag-madeira","12":"product_tag-megkotos-bluz","13":"product_tag-noi-bluz","14":"product_tag-nyari-bluz","15":"product_tag-pamut-bluz","16":"product_tag-preloved","17":"product_tag-romantikus-bluz","18":"product_tag-s-oliver","19":"pa_anyag-pamut","20":"pa_marka-s-oliver","21":"pa_szin-feher","23":"first","24":"instock","25":"sold-individually","26":"shipping-taxable","27":"purchasable","28":"product-type-simple"},"yoast_head":"<!-- This site is optimized with the Yoast SEO plugin v27.5 - https:\/\/yoast.com\/product\/yoast-seo-wordpress\/ -->\n<title>s.Oliver feh\u00e9r h\u00edmzett pamut bl\u00faz 40 | marad\u00f3.<\/title>\n<meta name=\"robots\" content=\"index, follow, max-snippet:-1, max-image-preview:large, max-video-preview:-1\" \/>\n<link rel=\"canonical\" href=\"https:\/\/marado.hu\/en\/product\/s-oliver-feher-himzett-pamut-bluz-40\/\" \/>\n<meta property=\"og:locale\" content=\"en_GB\" \/>\n<meta property=\"og:type\" content=\"article\" \/>\n<meta property=\"og:title\" content=\"s.Oliver feh\u00e9r h\u00edmzett pamut bl\u00faz 40 | marad\u00f3.\" \/>\n<meta property=\"og:description\" content=\"N\u0151ies s.Oliver feh\u00e9r bl\u00faz pamut anyagb\u00f3l, \u00e1tt\u00f6rt h\u00edmz\u00e9ssel, megk\u00f6t\u0151s nyakr\u00e9sszel \u00e9s 3\/4-es ujjal. K\u00f6nnyed, romantikus hangulat\u00fa preloved darab a ny\u00e1ri \u00e9s eleg\u00e1ns h\u00e9tk\u00f6znapi szettekhez.\" \/>\n<meta property=\"og:url\" content=\"https:\/\/marado.hu\/en\/product\/s-oliver-feher-himzett-pamut-bluz-40\/\" \/>\n<meta property=\"og:site_name\" content=\"marad\u00f3.\" \/>\n<meta property=\"article:publisher\" content=\"https:\/\/www.facebook.com\/profile.php?id=61583774536538\" \/>\n<meta property=\"article:modified_time\" content=\"2026-04-14T15:27:43+00:00\" \/>\n<meta property=\"og:image\" content=\"https:\/\/marado.hu\/wp-content\/uploads\/2026\/04\/IMG_0622-hatter-eltavolitva-scaled.png\" \/>\n\t<meta property=\"og:image:width\" content=\"1920\" \/>\n\t<meta property=\"og:image:height\" content=\"2560\" \/>\n\t<meta property=\"og:image:type\" content=\"image\/png\" \/>\n<meta name=\"twitter:card\" content=\"summary_large_image\" \/>\n<meta name=\"twitter:label1\" content=\"Estimated reading time\" \/>\n\t<meta name=\"twitter:data1\" content=\"1 minute\" \/>\n<script type=\"application\/ld+json\" class=\"yoast-schema-graph\">{\"@context\":\"https:\\\/\\\/schema.org\",\"@graph\":[{\"@type\":\"WebPage\",\"@id\":\"https:\\\/\\\/marado.hu\\\/termek\\\/s-oliver-feher-himzett-pamut-bluz-40\\\/\",\"url\":\"https:\\\/\\\/marado.hu\\\/termek\\\/s-oliver-feher-himzett-pamut-bluz-40\\\/\",\"name\":\"s.Oliver feh\u00e9r h\u00edmzett pamut bl\u00faz 40 | marad\u00f3.\",\"isPartOf\":{\"@id\":\"https:\\\/\\\/marado.hu\\\/#website\"},\"primaryImageOfPage\":{\"@id\":\"https:\\\/\\\/marado.hu\\\/termek\\\/s-oliver-feher-himzett-pamut-bluz-40\\\/#primaryimage\"},\"image\":{\"@id\":\"https:\\\/\\\/marado.hu\\\/termek\\\/s-oliver-feher-himzett-pamut-bluz-40\\\/#primaryimage\"},\"thumbnailUrl\":\"https:\\\/\\\/marado.hu\\\/wp-content\\\/uploads\\\/2026\\\/04\\\/IMG_0622-hatter-eltavolitva-scaled.png\",\"datePublished\":\"2026-04-13T16:03:14+00:00\",\"dateModified\":\"2026-04-14T15:27:43+00:00\",\"breadcrumb\":{\"@id\":\"https:\\\/\\\/marado.hu\\\/termek\\\/s-oliver-feher-himzett-pamut-bluz-40\\\/#breadcrumb\"},\"inLanguage\":\"en-GB\",\"potentialAction\":[{\"@type\":\"ReadAction\",\"target\":[\"https:\\\/\\\/marado.hu\\\/termek\\\/s-oliver-feher-himzett-pamut-bluz-40\\\/\"]}]},{\"@type\":\"ImageObject\",\"inLanguage\":\"en-GB\",\"@id\":\"https:\\\/\\\/marado.hu\\\/termek\\\/s-oliver-feher-himzett-pamut-bluz-40\\\/#primaryimage\",\"url\":\"https:\\\/\\\/marado.hu\\\/wp-content\\\/uploads\\\/2026\\\/04\\\/IMG_0622-hatter-eltavolitva-scaled.png\",\"contentUrl\":\"https:\\\/\\\/marado.hu\\\/wp-content\\\/uploads\\\/2026\\\/04\\\/IMG_0622-hatter-eltavolitva-scaled.png\",\"width\":1920,\"height\":2560},{\"@type\":\"BreadcrumbList\",\"@id\":\"https:\\\/\\\/marado.hu\\\/termek\\\/s-oliver-feher-himzett-pamut-bluz-40\\\/#breadcrumb\",\"itemListElement\":[{\"@type\":\"ListItem\",\"position\":1,\"name\":\"Kezd\u0151lap\",\"item\":\"https:\\\/\\\/marado.hu\\\/\"},{\"@type\":\"ListItem\",\"position\":2,\"name\":\"Term\u00e9kek\",\"item\":\"https:\\\/\\\/marado.hu\\\/uzlet\\\/\"},{\"@type\":\"ListItem\",\"position\":3,\"name\":\"s.Oliver feh\u00e9r h\u00edmzett pamut bl\u00faz 40\"}]},{\"@type\":\"WebSite\",\"@id\":\"https:\\\/\\\/marado.hu\\\/#website\",\"url\":\"https:\\\/\\\/marado.hu\\\/\",\"name\":\"marad\u00f3.\",\"description\":\"marad\u00f3. | mert van, ami \u00f6r\u00f6k\",\"publisher\":{\"@id\":\"https:\\\/\\\/marado.hu\\\/#organization\"},\"potentialAction\":[{\"@type\":\"SearchAction\",\"target\":{\"@type\":\"EntryPoint\",\"urlTemplate\":\"https:\\\/\\\/marado.hu\\\/?s={search_term_string}\"},\"query-input\":{\"@type\":\"PropertyValueSpecification\",\"valueRequired\":true,\"valueName\":\"search_term_string\"}}],\"inLanguage\":\"en-GB\"},{\"@type\":\"Organization\",\"@id\":\"https:\\\/\\\/marado.hu\\\/#organization\",\"name\":\"marad\u00f3.\",\"url\":\"https:\\\/\\\/marado.hu\\\/\",\"logo\":{\"@type\":\"ImageObject\",\"inLanguage\":\"en-GB\",\"@id\":\"https:\\\/\\\/marado.hu\\\/#\\\/schema\\\/logo\\\/image\\\/\",\"url\":\"https:\\\/\\\/marado.hu\\\/wp-content\\\/uploads\\\/2026\\\/02\\\/2.png\",\"contentUrl\":\"https:\\\/\\\/marado.hu\\\/wp-content\\\/uploads\\\/2026\\\/02\\\/2.png\",\"width\":2000,\"height\":2000,\"caption\":\"marad\u00f3.\"},\"image\":{\"@id\":\"https:\\\/\\\/marado.hu\\\/#\\\/schema\\\/logo\\\/image\\\/\"},\"sameAs\":[\"https:\\\/\\\/www.facebook.com\\\/profile.php?id=61583774536538\",\"https:\\\/\\\/pinterest.com\\\/maradostyle\",\"https:\\\/\\\/instagram.com\\\/maradostyle\"]}]}<\/script>\n<!-- \/ Yoast SEO plugin. -->","yoast_head_json":{"title":"s.Oliver feh\u00e9r h\u00edmzett pamut bl\u00faz 40 | marad\u00f3.","robots":{"index":"index","follow":"follow","max-snippet":"max-snippet:-1","max-image-preview":"max-image-preview:large","max-video-preview":"max-video-preview:-1"},"canonical":"https:\/\/marado.hu\/en\/product\/s-oliver-feher-himzett-pamut-bluz-40\/","og_locale":"en_GB","og_type":"article","og_title":"s.Oliver feh\u00e9r h\u00edmzett pamut bl\u00faz 40 | marad\u00f3.","og_description":"N\u0151ies s.Oliver feh\u00e9r bl\u00faz pamut anyagb\u00f3l, \u00e1tt\u00f6rt h\u00edmz\u00e9ssel, megk\u00f6t\u0151s nyakr\u00e9sszel \u00e9s 3\/4-es ujjal. K\u00f6nnyed, romantikus hangulat\u00fa preloved darab a ny\u00e1ri \u00e9s eleg\u00e1ns h\u00e9tk\u00f6znapi szettekhez.","og_url":"https:\/\/marado.hu\/en\/product\/s-oliver-feher-himzett-pamut-bluz-40\/","og_site_name":"marad\u00f3.","article_publisher":"https:\/\/www.facebook.com\/profile.php?id=61583774536538","article_modified_time":"2026-04-14T15:27:43+00:00","og_image":[{"width":1920,"height":2560,"url":"https:\/\/marado.hu\/wp-content\/uploads\/2026\/04\/IMG_0622-hatter-eltavolitva-scaled.png","type":"image\/png"}],"twitter_card":"summary_large_image","twitter_misc":{"Estimated reading time":"1 minute"},"schema":{"@context":"https:\/\/schema.org","@graph":[{"@type":"WebPage","@id":"https:\/\/marado.hu\/termek\/s-oliver-feher-himzett-pamut-bluz-40\/","url":"https:\/\/marado.hu\/termek\/s-oliver-feher-himzett-pamut-bluz-40\/","name":"s.Oliver feh\u00e9r h\u00edmzett pamut bl\u00faz 40 | marad\u00f3.","isPartOf":{"@id":"https:\/\/marado.hu\/#website"},"primaryImageOfPage":{"@id":"https:\/\/marado.hu\/termek\/s-oliver-feher-himzett-pamut-bluz-40\/#primaryimage"},"image":{"@id":"https:\/\/marado.hu\/termek\/s-oliver-feher-himzett-pamut-bluz-40\/#primaryimage"},"thumbnailUrl":"https:\/\/marado.hu\/wp-content\/uploads\/2026\/04\/IMG_0622-hatter-eltavolitva-scaled.png","datePublished":"2026-04-13T16:03:14+00:00","dateModified":"2026-04-14T15:27:43+00:00","breadcrumb":{"@id":"https:\/\/marado.hu\/termek\/s-oliver-feher-himzett-pamut-bluz-40\/#breadcrumb"},"inLanguage":"en-GB","potentialAction":[{"@type":"ReadAction","target":["https:\/\/marado.hu\/termek\/s-oliver-feher-himzett-pamut-bluz-40\/"]}]},{"@type":"ImageObject","inLanguage":"en-GB","@id":"https:\/\/marado.hu\/termek\/s-oliver-feher-himzett-pamut-bluz-40\/#primaryimage","url":"https:\/\/marado.hu\/wp-content\/uploads\/2026\/04\/IMG_0622-hatter-eltavolitva-scaled.png","contentUrl":"https:\/\/marado.hu\/wp-content\/uploads\/2026\/04\/IMG_0622-hatter-eltavolitva-scaled.png","width":1920,"height":2560},{"@type":"BreadcrumbList","@id":"https:\/\/marado.hu\/termek\/s-oliver-feher-himzett-pamut-bluz-40\/#breadcrumb","itemListElement":[{"@type":"ListItem","position":1,"name":"Kezd\u0151lap","item":"https:\/\/marado.hu\/"},{"@type":"ListItem","position":2,"name":"Term\u00e9kek","item":"https:\/\/marado.hu\/uzlet\/"},{"@type":"ListItem","position":3,"name":"s.Oliver feh\u00e9r h\u00edmzett pamut bl\u00faz 40"}]},{"@type":"WebSite","@id":"https:\/\/marado.hu\/#website","url":"https:\/\/marado.hu\/","name":"marad\u00f3.","description":"marad\u00f3. | some things are eternal","publisher":{"@id":"https:\/\/marado.hu\/#organization"},"potentialAction":[{"@type":"SearchAction","target":{"@type":"EntryPoint","urlTemplate":"https:\/\/marado.hu\/?s={search_term_string}"},"query-input":{"@type":"PropertyValueSpecification","valueRequired":true,"valueName":"search_term_string"}}],"inLanguage":"en-GB"},{"@type":"Organization","@id":"https:\/\/marado.hu\/#organization","name":"marad\u00f3.","url":"https:\/\/marado.hu\/","logo":{"@type":"ImageObject","inLanguage":"en-GB","@id":"https:\/\/marado.hu\/#\/schema\/logo\/image\/","url":"https:\/\/marado.hu\/wp-content\/uploads\/2026\/02\/2.png","contentUrl":"https:\/\/marado.hu\/wp-content\/uploads\/2026\/02\/2.png","width":2000,"height":2000,"caption":"marad\u00f3."},"image":{"@id":"https:\/\/marado.hu\/#\/schema\/logo\/image\/"},"sameAs":["https:\/\/www.facebook.com\/profile.php?id=61583774536538","https:\/\/pinterest.com\/maradostyle","https:\/\/instagram.com\/maradostyle"]}]}},"jetpack_sharing_enabled":true,"_links":{"self":[{"href":"https:\/\/marado.hu\/en\/wp-json\/wp\/v2\/product\/470","targetHints":{"allow":["GET"]}}],"collection":[{"href":"https:\/\/marado.hu\/en\/wp-json\/wp\/v2\/product"}],"about":[{"href":"https:\/\/marado.hu\/en\/wp-json\/wp\/v2\/types\/product"}],"replies":[{"embeddable":true,"href":"https:\/\/marado.hu\/en\/wp-json\/wp\/v2\/comments?post=470"}],"version-history":[{"count":1,"href":"https:\/\/marado.hu\/en\/wp-json\/wp\/v2\/product\/470\/revisions"}],"predecessor-version":[{"id":471,"href":"https:\/\/marado.hu\/en\/wp-json\/wp\/v2\/product\/470\/revisions\/471"}],"wp:featuredmedia":[{"embeddable":true,"href":"https:\/\/marado.hu\/en\/wp-json\/wp\/v2\/media\/570"}],"wp:attachment":[{"href":"https:\/\/marado.hu\/en\/wp-json\/wp\/v2\/media?parent=470"}],"wp:term":[{"taxonomy":"product_brand","embeddable":true,"href":"https:\/\/marado.hu\/en\/wp-json\/wp\/v2\/product_brand?post=470"},{"taxonomy":"product_cat","embeddable":true,"href":"https:\/\/marado.hu\/en\/wp-json\/wp\/v2\/product_cat?post=470"},{"taxonomy":"product_tag","embeddable":true,"href":"https:\/\/marado.hu\/en\/wp-json\/wp\/v2\/product_tag?post=470"}],"curies":[{"name":"wp","href":"https:\/\/api.w.org\/{rel}","templated":true}]}}