{"id":1193,"date":"2026-05-04T12:31:37","date_gmt":"2026-05-04T12:31:37","guid":{"rendered":"https:\/\/marado.hu\/termek\/legies-nyari-viragos-szoknya\/"},"modified":"2026-05-06T14:16:33","modified_gmt":"2026-05-06T14:16:33","slug":"legies-nyari-viragos-szoknya","status":"publish","type":"product","link":"https:\/\/marado.hu\/en\/product\/legies-nyari-viragos-szoknya\/","title":{"rendered":"Ny\u00e1ri vir\u00e1gos szoknya"},"content":{"rendered":"<p>Ez a l\u00e9gies ny\u00e1ri szoknya k\u00f6nnyed es\u00e9s\u00e9vel \u00e9s finom vir\u00e1gmint\u00e1j\u00e1val igazi kedvenc darab lehet a meleg \u00e9vszakban. A puha, szell\u0151s anyag k\u00e9nyelmes viseletet biztos\u00edt, mik\u00f6zben a meleg barna \u00e1rnyalat \u00e9s a feh\u00e9r vir\u00e1gminta term\u00e9szetes, harmonikus \u00f6sszhat\u00e1st ad.<\/p>\n<p>A rugalmas der\u00e9kr\u00e9sz k\u00e9nyelmes illeszked\u00e9st biztos\u00edt, a b\u0151vebb, l\u00e1gyan oml\u00f3 szab\u00e1s pedig n\u0151ies mozg\u00e1st ad a szokny\u00e1nak. Egyszer\u0171 toppal, lenv\u00e1szon inggel, szand\u00e1llal vagy espadrille cip\u0151vel is remek\u00fcl mutat, \u00edgy h\u00e9tk\u00f6znapi \u00e9s nyaral\u00f3s szettekhez egyar\u00e1nt ide\u00e1lis.<\/p>\n<p>St\u00edlusa:<br \/>\n&#8211; boh\u00e9m<br \/>\n&#8211; romantikus<br \/>\n&#8211; term\u00e9szetes hat\u00e1s\u00fa<br \/>\n&#8211; k\u00f6nnyed, ny\u00e1ri<\/p>\n<p>Mi\u00e9rt szerethet\u0151?<br \/>\n&#8211; k\u00f6nny\u0171, l\u00e9gies viselet<br \/>\n&#8211; k\u00e9nyelmes, ny\u00e1ri darab<br \/>\n&#8211; finom vir\u00e1gmint\u00e1s design<br \/>\n&#8211; k\u00f6nnyen kombin\u00e1lhat\u00f3 h\u00e9tk\u00f6znapi outfitekhez<br \/>\n&#8211; n\u0151ies, l\u00e1gy es\u00e9s\u0171 fazon<\/p>\n<p>F\u0151bb jellemz\u0151k:<br \/>\n&#8211; ny\u00e1ri szoknya<br \/>\n&#8211; vir\u00e1gmint\u00e1s<br \/>\n&#8211; S m\u00e9retre aj\u00e1nlott<br \/>\n&#8211; k\u00f6nny\u0171, szell\u0151s anyag<br \/>\n&#8211; romantikus, boh\u00e9m st\u00edlus<\/p>","protected":false},"excerpt":{"rendered":"<p>L\u00e9gies ny\u00e1ri vir\u00e1gos szoknya meleg barna alapon, k\u00f6nny\u0171 \u00e9s szell\u0151s anyaghat\u00e1ssal, Boh\u00e9m-romantikus st\u00edlus\u00fa darab, amely k\u00e9nyelmes viseletet ad a meleg napokon, mik\u00f6zben finom mint\u00e1j\u00e1val \u00e9s l\u00e1gy es\u00e9s\u00e9vel n\u0151ies, harmonikus \u00f6sszhat\u00e1st teremt. H\u00e9tk\u00f6znapi, nyaral\u00f3s \u00e9s laz\u00e1n eleg\u00e1ns szettekhez is ide\u00e1lis. Aj\u00e1nlott m\u00e9ret: S<\/p>","protected":false},"featured_media":1277,"comment_status":"open","ping_status":"closed","template":"","meta":[],"product_brand":[],"product_cat":[79,100],"product_tag":[656,654,655,652,641,653],"class_list":{"0":"post-1193","1":"product","2":"type-product","3":"status-publish","4":"has-post-thumbnail","6":"product_cat-noi-ruhak","7":"product_cat-szoknyak-es-nadragok","8":"product_tag-barna-viragos-szoknya","9":"product_tag-bohem-szoknya","10":"product_tag-noi-nyari-szoknya","11":"product_tag-nyari-szoknya","12":"product_tag-romantikus-szoknya","13":"product_tag-viragos-szoknya","14":"pa_stilus-bohem","15":"pa_stilus-nyari","16":"pa_stilus-romantikus","17":"pa_stilus-termeszetes-hatasu","18":"pa_szin-barna","19":"pa_szin-feher","21":"first","22":"instock","23":"sold-individually","24":"shipping-taxable","25":"purchasable","26":"product-type-simple"},"yoast_head":"<!-- This site is optimized with the Yoast SEO plugin v27.5 - https:\/\/yoast.com\/product\/yoast-seo-wordpress\/ -->\n<title>L\u00e9gies ny\u00e1ri vir\u00e1gos szoknya | Boh\u00e9m-romantikus n\u0151i szoknya<\/title>\n<meta name=\"description\" content=\"K\u00f6nny\u0171, l\u00e9gies ny\u00e1ri szoknya meleg barna alapon finom vir\u00e1gmint\u00e1val. Boh\u00e9m, romantikus st\u00edlus\u00fa darab, S m\u00e9retre aj\u00e1nlva.\" \/>\n<meta name=\"robots\" content=\"index, follow, max-snippet:-1, max-image-preview:large, max-video-preview:-1\" \/>\n<link rel=\"canonical\" href=\"https:\/\/marado.hu\/en\/product\/legies-nyari-viragos-szoknya\/\" \/>\n<meta property=\"og:locale\" content=\"en_GB\" \/>\n<meta property=\"og:type\" content=\"article\" \/>\n<meta property=\"og:title\" content=\"L\u00e9gies ny\u00e1ri vir\u00e1gos szoknya | Boh\u00e9m-romantikus n\u0151i szoknya\" \/>\n<meta property=\"og:description\" content=\"K\u00f6nny\u0171, l\u00e9gies ny\u00e1ri szoknya meleg barna alapon finom vir\u00e1gmint\u00e1val. Boh\u00e9m, romantikus st\u00edlus\u00fa darab, S m\u00e9retre aj\u00e1nlva.\" \/>\n<meta property=\"og:url\" content=\"https:\/\/marado.hu\/en\/product\/legies-nyari-viragos-szoknya\/\" \/>\n<meta property=\"og:site_name\" content=\"marad\u00f3.\" \/>\n<meta property=\"article:publisher\" content=\"https:\/\/www.facebook.com\/profile.php?id=61583774536538\" \/>\n<meta property=\"article:modified_time\" content=\"2026-05-06T14:16:33+00:00\" \/>\n<meta property=\"og:image\" content=\"https:\/\/marado.hu\/wp-content\/uploads\/2026\/05\/IMG_1533-scaled.jpg\" \/>\n\t<meta property=\"og:image:width\" content=\"1920\" \/>\n\t<meta property=\"og:image:height\" content=\"2560\" \/>\n\t<meta property=\"og:image:type\" content=\"image\/jpeg\" \/>\n<meta name=\"twitter:card\" content=\"summary_large_image\" \/>\n<meta name=\"twitter:label1\" content=\"Estimated reading time\" \/>\n\t<meta name=\"twitter:data1\" content=\"1 minute\" \/>\n<script type=\"application\/ld+json\" class=\"yoast-schema-graph\">{\"@context\":\"https:\\\/\\\/schema.org\",\"@graph\":[{\"@type\":\"WebPage\",\"@id\":\"https:\\\/\\\/marado.hu\\\/termek\\\/legies-nyari-viragos-szoknya\\\/\",\"url\":\"https:\\\/\\\/marado.hu\\\/termek\\\/legies-nyari-viragos-szoknya\\\/\",\"name\":\"L\u00e9gies ny\u00e1ri vir\u00e1gos szoknya | Boh\u00e9m-romantikus n\u0151i szoknya\",\"isPartOf\":{\"@id\":\"https:\\\/\\\/marado.hu\\\/#website\"},\"primaryImageOfPage\":{\"@id\":\"https:\\\/\\\/marado.hu\\\/termek\\\/legies-nyari-viragos-szoknya\\\/#primaryimage\"},\"image\":{\"@id\":\"https:\\\/\\\/marado.hu\\\/termek\\\/legies-nyari-viragos-szoknya\\\/#primaryimage\"},\"thumbnailUrl\":\"https:\\\/\\\/marado.hu\\\/wp-content\\\/uploads\\\/2026\\\/05\\\/IMG_1533-scaled.jpg\",\"datePublished\":\"2026-05-04T12:31:37+00:00\",\"dateModified\":\"2026-05-06T14:16:33+00:00\",\"description\":\"K\u00f6nny\u0171, l\u00e9gies ny\u00e1ri szoknya meleg barna alapon finom vir\u00e1gmint\u00e1val. Boh\u00e9m, romantikus st\u00edlus\u00fa darab, S m\u00e9retre aj\u00e1nlva.\",\"breadcrumb\":{\"@id\":\"https:\\\/\\\/marado.hu\\\/termek\\\/legies-nyari-viragos-szoknya\\\/#breadcrumb\"},\"inLanguage\":\"en-GB\",\"potentialAction\":[{\"@type\":\"ReadAction\",\"target\":[\"https:\\\/\\\/marado.hu\\\/termek\\\/legies-nyari-viragos-szoknya\\\/\"]}]},{\"@type\":\"ImageObject\",\"inLanguage\":\"en-GB\",\"@id\":\"https:\\\/\\\/marado.hu\\\/termek\\\/legies-nyari-viragos-szoknya\\\/#primaryimage\",\"url\":\"https:\\\/\\\/marado.hu\\\/wp-content\\\/uploads\\\/2026\\\/05\\\/IMG_1533-scaled.jpg\",\"contentUrl\":\"https:\\\/\\\/marado.hu\\\/wp-content\\\/uploads\\\/2026\\\/05\\\/IMG_1533-scaled.jpg\",\"width\":1920,\"height\":2560},{\"@type\":\"BreadcrumbList\",\"@id\":\"https:\\\/\\\/marado.hu\\\/termek\\\/legies-nyari-viragos-szoknya\\\/#breadcrumb\",\"itemListElement\":[{\"@type\":\"ListItem\",\"position\":1,\"name\":\"Kezd\u0151lap\",\"item\":\"https:\\\/\\\/marado.hu\\\/\"},{\"@type\":\"ListItem\",\"position\":2,\"name\":\"Term\u00e9kek\",\"item\":\"https:\\\/\\\/marado.hu\\\/uzlet\\\/\"},{\"@type\":\"ListItem\",\"position\":3,\"name\":\"Ny\u00e1ri vir\u00e1gos szoknya\"}]},{\"@type\":\"WebSite\",\"@id\":\"https:\\\/\\\/marado.hu\\\/#website\",\"url\":\"https:\\\/\\\/marado.hu\\\/\",\"name\":\"marad\u00f3.\",\"description\":\"marad\u00f3. | mert van, ami \u00f6r\u00f6k\",\"publisher\":{\"@id\":\"https:\\\/\\\/marado.hu\\\/#organization\"},\"potentialAction\":[{\"@type\":\"SearchAction\",\"target\":{\"@type\":\"EntryPoint\",\"urlTemplate\":\"https:\\\/\\\/marado.hu\\\/?s={search_term_string}\"},\"query-input\":{\"@type\":\"PropertyValueSpecification\",\"valueRequired\":true,\"valueName\":\"search_term_string\"}}],\"inLanguage\":\"en-GB\"},{\"@type\":\"Organization\",\"@id\":\"https:\\\/\\\/marado.hu\\\/#organization\",\"name\":\"marad\u00f3.\",\"url\":\"https:\\\/\\\/marado.hu\\\/\",\"logo\":{\"@type\":\"ImageObject\",\"inLanguage\":\"en-GB\",\"@id\":\"https:\\\/\\\/marado.hu\\\/#\\\/schema\\\/logo\\\/image\\\/\",\"url\":\"https:\\\/\\\/marado.hu\\\/wp-content\\\/uploads\\\/2026\\\/02\\\/2.png\",\"contentUrl\":\"https:\\\/\\\/marado.hu\\\/wp-content\\\/uploads\\\/2026\\\/02\\\/2.png\",\"width\":2000,\"height\":2000,\"caption\":\"marad\u00f3.\"},\"image\":{\"@id\":\"https:\\\/\\\/marado.hu\\\/#\\\/schema\\\/logo\\\/image\\\/\"},\"sameAs\":[\"https:\\\/\\\/www.facebook.com\\\/profile.php?id=61583774536538\",\"https:\\\/\\\/pinterest.com\\\/maradostyle\",\"https:\\\/\\\/instagram.com\\\/maradostyle\"]}]}<\/script>\n<!-- \/ Yoast SEO plugin. -->","yoast_head_json":{"title":"L\u00e9gies ny\u00e1ri vir\u00e1gos szoknya | Boh\u00e9m-romantikus n\u0151i szoknya","description":"K\u00f6nny\u0171, l\u00e9gies ny\u00e1ri szoknya meleg barna alapon finom vir\u00e1gmint\u00e1val. Boh\u00e9m, romantikus st\u00edlus\u00fa darab, S m\u00e9retre aj\u00e1nlva.","robots":{"index":"index","follow":"follow","max-snippet":"max-snippet:-1","max-image-preview":"max-image-preview:large","max-video-preview":"max-video-preview:-1"},"canonical":"https:\/\/marado.hu\/en\/product\/legies-nyari-viragos-szoknya\/","og_locale":"en_GB","og_type":"article","og_title":"L\u00e9gies ny\u00e1ri vir\u00e1gos szoknya | Boh\u00e9m-romantikus n\u0151i szoknya","og_description":"K\u00f6nny\u0171, l\u00e9gies ny\u00e1ri szoknya meleg barna alapon finom vir\u00e1gmint\u00e1val. Boh\u00e9m, romantikus st\u00edlus\u00fa darab, S m\u00e9retre aj\u00e1nlva.","og_url":"https:\/\/marado.hu\/en\/product\/legies-nyari-viragos-szoknya\/","og_site_name":"marad\u00f3.","article_publisher":"https:\/\/www.facebook.com\/profile.php?id=61583774536538","article_modified_time":"2026-05-06T14:16:33+00:00","og_image":[{"width":1920,"height":2560,"url":"https:\/\/marado.hu\/wp-content\/uploads\/2026\/05\/IMG_1533-scaled.jpg","type":"image\/jpeg"}],"twitter_card":"summary_large_image","twitter_misc":{"Estimated reading time":"1 minute"},"schema":{"@context":"https:\/\/schema.org","@graph":[{"@type":"WebPage","@id":"https:\/\/marado.hu\/termek\/legies-nyari-viragos-szoknya\/","url":"https:\/\/marado.hu\/termek\/legies-nyari-viragos-szoknya\/","name":"L\u00e9gies ny\u00e1ri vir\u00e1gos szoknya | Boh\u00e9m-romantikus n\u0151i szoknya","isPartOf":{"@id":"https:\/\/marado.hu\/#website"},"primaryImageOfPage":{"@id":"https:\/\/marado.hu\/termek\/legies-nyari-viragos-szoknya\/#primaryimage"},"image":{"@id":"https:\/\/marado.hu\/termek\/legies-nyari-viragos-szoknya\/#primaryimage"},"thumbnailUrl":"https:\/\/marado.hu\/wp-content\/uploads\/2026\/05\/IMG_1533-scaled.jpg","datePublished":"2026-05-04T12:31:37+00:00","dateModified":"2026-05-06T14:16:33+00:00","description":"K\u00f6nny\u0171, l\u00e9gies ny\u00e1ri szoknya meleg barna alapon finom vir\u00e1gmint\u00e1val. Boh\u00e9m, romantikus st\u00edlus\u00fa darab, S m\u00e9retre aj\u00e1nlva.","breadcrumb":{"@id":"https:\/\/marado.hu\/termek\/legies-nyari-viragos-szoknya\/#breadcrumb"},"inLanguage":"en-GB","potentialAction":[{"@type":"ReadAction","target":["https:\/\/marado.hu\/termek\/legies-nyari-viragos-szoknya\/"]}]},{"@type":"ImageObject","inLanguage":"en-GB","@id":"https:\/\/marado.hu\/termek\/legies-nyari-viragos-szoknya\/#primaryimage","url":"https:\/\/marado.hu\/wp-content\/uploads\/2026\/05\/IMG_1533-scaled.jpg","contentUrl":"https:\/\/marado.hu\/wp-content\/uploads\/2026\/05\/IMG_1533-scaled.jpg","width":1920,"height":2560},{"@type":"BreadcrumbList","@id":"https:\/\/marado.hu\/termek\/legies-nyari-viragos-szoknya\/#breadcrumb","itemListElement":[{"@type":"ListItem","position":1,"name":"Kezd\u0151lap","item":"https:\/\/marado.hu\/"},{"@type":"ListItem","position":2,"name":"Term\u00e9kek","item":"https:\/\/marado.hu\/uzlet\/"},{"@type":"ListItem","position":3,"name":"Ny\u00e1ri vir\u00e1gos szoknya"}]},{"@type":"WebSite","@id":"https:\/\/marado.hu\/#website","url":"https:\/\/marado.hu\/","name":"marad\u00f3.","description":"marad\u00f3. | some things are eternal","publisher":{"@id":"https:\/\/marado.hu\/#organization"},"potentialAction":[{"@type":"SearchAction","target":{"@type":"EntryPoint","urlTemplate":"https:\/\/marado.hu\/?s={search_term_string}"},"query-input":{"@type":"PropertyValueSpecification","valueRequired":true,"valueName":"search_term_string"}}],"inLanguage":"en-GB"},{"@type":"Organization","@id":"https:\/\/marado.hu\/#organization","name":"marad\u00f3.","url":"https:\/\/marado.hu\/","logo":{"@type":"ImageObject","inLanguage":"en-GB","@id":"https:\/\/marado.hu\/#\/schema\/logo\/image\/","url":"https:\/\/marado.hu\/wp-content\/uploads\/2026\/02\/2.png","contentUrl":"https:\/\/marado.hu\/wp-content\/uploads\/2026\/02\/2.png","width":2000,"height":2000,"caption":"marad\u00f3."},"image":{"@id":"https:\/\/marado.hu\/#\/schema\/logo\/image\/"},"sameAs":["https:\/\/www.facebook.com\/profile.php?id=61583774536538","https:\/\/pinterest.com\/maradostyle","https:\/\/instagram.com\/maradostyle"]}]}},"jetpack_sharing_enabled":true,"_links":{"self":[{"href":"https:\/\/marado.hu\/en\/wp-json\/wp\/v2\/product\/1193","targetHints":{"allow":["GET"]}}],"collection":[{"href":"https:\/\/marado.hu\/en\/wp-json\/wp\/v2\/product"}],"about":[{"href":"https:\/\/marado.hu\/en\/wp-json\/wp\/v2\/types\/product"}],"replies":[{"embeddable":true,"href":"https:\/\/marado.hu\/en\/wp-json\/wp\/v2\/comments?post=1193"}],"version-history":[{"count":1,"href":"https:\/\/marado.hu\/en\/wp-json\/wp\/v2\/product\/1193\/revisions"}],"predecessor-version":[{"id":1198,"href":"https:\/\/marado.hu\/en\/wp-json\/wp\/v2\/product\/1193\/revisions\/1198"}],"wp:featuredmedia":[{"embeddable":true,"href":"https:\/\/marado.hu\/en\/wp-json\/wp\/v2\/media\/1277"}],"wp:attachment":[{"href":"https:\/\/marado.hu\/en\/wp-json\/wp\/v2\/media?parent=1193"}],"wp:term":[{"taxonomy":"product_brand","embeddable":true,"href":"https:\/\/marado.hu\/en\/wp-json\/wp\/v2\/product_brand?post=1193"},{"taxonomy":"product_cat","embeddable":true,"href":"https:\/\/marado.hu\/en\/wp-json\/wp\/v2\/product_cat?post=1193"},{"taxonomy":"product_tag","embeddable":true,"href":"https:\/\/marado.hu\/en\/wp-json\/wp\/v2\/product_tag?post=1193"}],"curies":[{"name":"wp","href":"https:\/\/api.w.org\/{rel}","templated":true}]}}